{"id":1510,"date":"2026-05-08T19:35:22","date_gmt":"2026-05-08T17:35:22","guid":{"rendered":"https:\/\/cphcapital.hu\/contact-us-2\/"},"modified":"2026-05-15T10:30:00","modified_gmt":"2026-05-15T08:30:00","slug":"kapcsolat","status":"publish","type":"page","link":"https:\/\/cphcapital.hu\/en\/kapcsolat\/","title":{"rendered":"Contact"},"content":{"rendered":"\t\t<div data-elementor-type=\"wp-page\" data-elementor-id=\"1510\" class=\"elementor elementor-1510\" data-elementor-post-type=\"page\">\n\t\t\t\t<div class=\"elementor-element elementor-element-5a4427f e-flex e-con-boxed e-con e-parent\" data-id=\"5a4427f\" data-element_type=\"container\" data-e-type=\"container\">\n\t\t\t\t\t<div class=\"e-con-inner\">\n\t\t\t\t<div class=\"elementor-element elementor-element-a44af98 elementor-widget elementor-widget-html\" data-id=\"a44af98\" data-element_type=\"widget\" data-e-type=\"widget\" data-widget_type=\"html.default\">\n\t\t\t\t\t<link rel=\"stylesheet\" href=\"https:\/\/fonts.googleapis.com\/css2?family=Barlow:ital,wght@0,300;0,400;0,500;1,300&family=Barlow+Condensed:wght@300;400;600;700;800&display=swap\"><article style=\"max-width:1180px;width:100%;margin:0 auto;padding:60px 24px 40px;font-family:'Barlow','Inter',sans-serif;color:#f0f0f0;box-sizing:border-box;\"><header><p style=\"font-family:'Barlow Condensed','Inter',sans-serif;font-size:15px;font-weight:600;letter-spacing:.22em;text-transform:uppercase;color:#9a9a9a;margin:0 0 18px;display:flex;align-items:center;gap:12px;\"><b style=\"display:inline-block;width:44px;height:1px;background:#9a9a9a;font-weight:normal;line-height:0;\">&nbsp;<\/b>Kapcsolat<\/p><h1 style=\"font-family:'Barlow Condensed','Inter',sans-serif;font-size:clamp(55px,8.75vw,90px);font-weight:800;letter-spacing:-.01em;text-transform:uppercase;line-height:1;color:#f0f0f0;margin:0 0 30px;\">Vegye fel a kapcsolatot<\/h1><p style=\"font-size:24px;font-weight:300;color:#cccccc;line-height:1.6;max-width:850px;margin:0;\">Konzult\u00e1ci\u00f3s ig\u00e9ny, v\u00e1llalati p\u00e9nz\u00fcgyi k\u00e9rd\u00e9s, vagy egyszer\u0171en csak egy szakmai egyeztet\u00e9s \u2014 k\u00fcldj\u00f6n \u00fczenetet, \u00e9s r\u00f6vid id\u0151n bel\u00fcl visszajelzek.<\/p><\/header><\/article>\t\t\t\t<\/div>\n\t\t\t\t\t<\/div>\n\t\t\t\t<\/div>\n\t\t<div class=\"elementor-element elementor-element-6e404ef e-flex e-con-boxed e-con e-parent\" data-id=\"6e404ef\" data-element_type=\"container\" data-e-type=\"container\">\n\t\t\t\t\t<div class=\"e-con-inner\">\n\t\t<div class=\"elementor-element elementor-element-fb3ff91 e-flex e-con-full e-con e-child\" data-id=\"fb3ff91\" data-element_type=\"container\" data-e-type=\"container\">\n\t\t\t\t<div class=\"elementor-element elementor-element-bb9b891 elementor-widget elementor-widget-html\" data-id=\"bb9b891\" data-element_type=\"widget\" data-e-type=\"widget\" data-widget_type=\"html.default\">\n\t\t\t\t\t<section style=\"font-family:'Barlow','Inter',sans-serif;color:#f0f0f0;\"><p style=\"font-family:'Barlow Condensed','Inter',sans-serif;font-size:15px;font-weight:600;letter-spacing:.22em;text-transform:uppercase;color:#9a9a9a;margin:0 0 35px;\">El\u00e9rhet\u0151s\u00e9gek<\/p><dl style=\"margin:0;\"><dt style=\"font-family:'Barlow Condensed','Inter',sans-serif;font-size:14px;font-weight:500;letter-spacing:.18em;text-transform:uppercase;color:rgba(240,240,240,.45);margin:0 0 10px;\">E-mail<\/dt><dd style=\"margin:0 0 35px;font-size:23px;font-weight:400;color:#f0f0f0;line-height:1.5;\"><a href=\"mailto:info@cphcapital.hu\" style=\"color:#f0f0f0;text-decoration:none;border-bottom:1px solid rgba(255,255,255,.25);\">info@cphcapital.hu<\/a><\/dd><dt style=\"font-family:'Barlow Condensed','Inter',sans-serif;font-size:14px;font-weight:500;letter-spacing:.18em;text-transform:uppercase;color:rgba(240,240,240,.45);margin:0 0 10px;\">Telefon<\/dt><dd style=\"margin:0 0 35px;font-size:23px;font-weight:400;color:#f0f0f0;line-height:1.5;\"><a href=\"tel:+36207780658\" style=\"color:#f0f0f0;text-decoration:none;border-bottom:1px solid rgba(255,255,255,.25);\">+36 20 778 0658<\/a><small style=\"display:block;font-size:16px;font-style:italic;font-weight:300;color:rgba(240,240,240,.5);margin-top:8px;\">El\u00e9rhet\u0151s\u00e9g korl\u00e1tozott \u2014 visszah\u00edv\u00e1s el\u0151zetes egyeztet\u00e9ssel.<\/small><\/dd><dt style=\"font-family:'Barlow Condensed','Inter',sans-serif;font-size:14px;font-weight:500;letter-spacing:.18em;text-transform:uppercase;color:rgba(240,240,240,.45);margin:0 0 10px;\">Iroda<\/dt><dd style=\"margin:0 0 35px;font-size:23px;font-weight:400;color:#f0f0f0;line-height:1.5;\">KAPT\u00c1R coworking, Budapest<small style=\"display:block;font-size:16px;font-style:italic;font-weight:300;color:rgba(240,240,240,.5);margin-top:8px;\">Szem\u00e9lyes egyeztet\u00e9s el\u0151zetes id\u0151pontfoglal\u00e1s alapj\u00e1n.<\/small><\/dd><dt style=\"font-family:'Barlow Condensed','Inter',sans-serif;font-size:14px;font-weight:500;letter-spacing:.18em;text-transform:uppercase;color:rgba(240,240,240,.45);margin:0 0 10px;\">Online jelenl\u00e9t<\/dt><dd style=\"margin:0;font-size:23px;font-weight:400;color:#f0f0f0;line-height:1.5;\"><a href=\"https:\/\/www.linkedin.com\/in\/foldes-andras-59368089\/\" target=\"_blank\" rel=\"noopener\" style=\"color:#f0f0f0;text-decoration:none;border-bottom:1px solid rgba(255,255,255,.25);\">LinkedIn<\/a><\/dd><\/dl><\/section>\t\t\t\t<\/div>\n\t\t\t\t<\/div>\n\t\t<div class=\"elementor-element elementor-element-250e992 e-flex e-con-full e-con e-child\" data-id=\"250e992\" data-element_type=\"container\" data-e-type=\"container\">\n\t\t\t\t<div class=\"elementor-element elementor-element-9982d0c elementor-button-align-stretch elementor-widget elementor-widget-form\" data-id=\"9982d0c\" data-element_type=\"widget\" data-e-type=\"widget\" data-settings=\"{&quot;button_width&quot;:&quot;100&quot;,&quot;step_next_label&quot;:&quot;Next&quot;,&quot;step_previous_label&quot;:&quot;Previous&quot;,&quot;step_type&quot;:&quot;number_text&quot;,&quot;step_icon_shape&quot;:&quot;circle&quot;}\" data-widget_type=\"form.default\">\n\t\t\t\t\t\t\t<form class=\"elementor-form\" method=\"post\" name=\"Kapcsolati \u0171rlap\" aria-label=\"Kapcsolati \u0171rlap\">\n\t\t\t<input type=\"hidden\" name=\"post_id\" value=\"1510\"\/>\n\t\t\t<input type=\"hidden\" name=\"form_id\" value=\"9982d0c\"\/>\n\t\t\t<input type=\"hidden\" name=\"referer_title\" value=\"\" \/>\n\n\t\t\t\n\t\t\t<div class=\"elementor-form-fields-wrapper elementor-labels-above\">\n\t\t\t\t\t\t\t\t<div class=\"elementor-field-type-text elementor-field-group elementor-column elementor-field-group-name elementor-col-100 elementor-field-required elementor-mark-required\">\n\t\t\t\t\t\t\t\t\t\t\t\t<label for=\"form-field-name\" class=\"elementor-field-label\">\n\t\t\t\t\t\t\t\tN\u00e9v\t\t\t\t\t\t\t<\/label>\n\t\t\t\t\t\t\t\t\t\t\t\t\t\t<input size=\"1\" type=\"text\" name=\"form_fields[name]\" id=\"form-field-name\" class=\"elementor-field elementor-size-md  elementor-field-textual\" placeholder=\"Az \u00d6n neve\" required=\"required\">\n\t\t\t\t\t\t\t\t\t\t\t<\/div>\n\t\t\t\t\t\t\t\t<div class=\"elementor-field-type-email elementor-field-group elementor-column elementor-field-group-email elementor-col-100 elementor-field-required elementor-mark-required\">\n\t\t\t\t\t\t\t\t\t\t\t\t<label for=\"form-field-email\" class=\"elementor-field-label\">\n\t\t\t\t\t\t\t\tE-mail c\u00edm\t\t\t\t\t\t\t<\/label>\n\t\t\t\t\t\t\t\t\t\t\t\t\t\t<input size=\"1\" type=\"email\" name=\"form_fields[email]\" id=\"form-field-email\" class=\"elementor-field elementor-size-md  elementor-field-textual\" placeholder=\"pelda@email.hu\" required=\"required\">\n\t\t\t\t\t\t\t\t\t\t\t<\/div>\n\t\t\t\t\t\t\t\t<div class=\"elementor-field-type-text elementor-field-group elementor-column elementor-field-group-subject elementor-col-100 elementor-field-required elementor-mark-required\">\n\t\t\t\t\t\t\t\t\t\t\t\t<label for=\"form-field-subject\" class=\"elementor-field-label\">\n\t\t\t\t\t\t\t\tT\u00e1rgy\t\t\t\t\t\t\t<\/label>\n\t\t\t\t\t\t\t\t\t\t\t\t\t\t<input size=\"1\" type=\"text\" name=\"form_fields[subject]\" id=\"form-field-subject\" class=\"elementor-field elementor-size-md  elementor-field-textual\" placeholder=\"Miben seg\u00edthetek?\" required=\"required\">\n\t\t\t\t\t\t\t\t\t\t\t<\/div>\n\t\t\t\t\t\t\t\t<div class=\"elementor-field-type-textarea elementor-field-group elementor-column elementor-field-group-message elementor-col-100 elementor-field-required elementor-mark-required\">\n\t\t\t\t\t\t\t\t\t\t\t\t<label for=\"form-field-message\" class=\"elementor-field-label\">\n\t\t\t\t\t\t\t\t\u00dczenet\t\t\t\t\t\t\t<\/label>\n\t\t\t\t\t\t<textarea class=\"elementor-field-textual elementor-field  elementor-size-md\" name=\"form_fields[message]\" id=\"form-field-message\" rows=\"4\" placeholder=\"\u00cdrja le r\u00f6viden, mir\u0151l szeretne egyeztetni\u2026\" required=\"required\"><\/textarea>\t\t\t\t<\/div>\n\t\t\t\t\t\t\t\t<div class=\"elementor-field-type-acceptance elementor-field-group elementor-column elementor-field-group-gdpr elementor-col-100 elementor-field-required elementor-mark-required\">\n\t\t\t\t\t\t\t\t\t\t\t\t<label for=\"form-field-gdpr\" class=\"elementor-field-label\">\n\t\t\t\t\t\t\t\tGDPR hozz\u00e1j\u00e1rul\u00e1s\t\t\t\t\t\t\t<\/label>\n\t\t\t\t\t\t\t\t<div class=\"elementor-field-subgroup\">\n\t\t\t<span class=\"elementor-field-option\">\n\t\t\t\t<input type=\"checkbox\" name=\"form_fields[gdpr]\" id=\"form-field-gdpr\" class=\"elementor-field elementor-size-md  elementor-acceptance-field\" required=\"required\">\n\t\t\t\t<label for=\"form-field-gdpr\">Elfogadom, hogy az \u00fczenet elk\u00fcld\u00e9s\u00e9vel felveszik velem a kapcsolatot, \u00e9s tudom\u00e1sul veszem az adatkezel\u00e9si t\u00e1j\u00e9koztat\u00f3ban foglaltakat.<\/label>\t\t\t<\/span>\n\t\t<\/div>\n\t\t\t\t\t\t<\/div>\n\t\t\t\t\t\t\t\t<div class=\"elementor-field-group elementor-column elementor-field-type-submit elementor-col-100 e-form__buttons\">\n\t\t\t\t\t<button class=\"elementor-button elementor-size-md\" type=\"submit\">\n\t\t\t\t\t\t<span class=\"elementor-button-content-wrapper\">\n\t\t\t\t\t\t\t\t\t\t\t\t\t\t\t\t\t\t\t\t\t\t<span class=\"elementor-button-text\">\u00dczenet k\u00fcld\u00e9se<\/span>\n\t\t\t\t\t\t\t\t\t\t\t\t\t<\/span>\n\t\t\t\t\t<\/button>\n\t\t\t\t<\/div>\n\t\t\t<\/div>\n\t\t<\/form>\n\t\t\t\t\t\t<\/div>\n\t\t\t\t<\/div>\n\t\t\t\t\t<\/div>\n\t\t\t\t<\/div>\n\t\t\t\t<\/div>\n\t\t","protected":false},"excerpt":{"rendered":"<p>&nbsp;Kapcsolat Vegye fel a kapcsolatot Konzult\u00e1ci\u00f3s ig\u00e9ny, v\u00e1llalati p\u00e9nz\u00fcgyi k\u00e9rd\u00e9s, vagy egyszer\u0171en csak egy szakmai egyeztet\u00e9s \u2014 k\u00fcldj\u00f6n \u00fczenetet, \u00e9s r\u00f6vid id\u0151n bel\u00fcl visszajelzek. El\u00e9rhet\u0151s\u00e9gek E-mail info@cphcapital.hu Telefon +36 20 778 0658El\u00e9rhet\u0151s\u00e9g korl\u00e1tozott \u2014 visszah\u00edv\u00e1s el\u0151zetes egyeztet\u00e9ssel. Iroda KAPT\u00c1R coworking, BudapestSzem\u00e9lyes egyeztet\u00e9s el\u0151zetes id\u0151pontfoglal\u00e1s alapj\u00e1n. Online jelenl\u00e9t LinkedIn<\/p>","protected":false},"author":7,"featured_media":1519,"parent":0,"menu_order":0,"comment_status":"closed","ping_status":"closed","template":"elementor_header_footer","meta":{"footnotes":""},"class_list":["post-1510","page","type-page","status-publish","has-post-thumbnail","hentry"],"_links":{"self":[{"href":"https:\/\/cphcapital.hu\/en\/wp-json\/wp\/v2\/pages\/1510","targetHints":{"allow":["GET"]}}],"collection":[{"href":"https:\/\/cphcapital.hu\/en\/wp-json\/wp\/v2\/pages"}],"about":[{"href":"https:\/\/cphcapital.hu\/en\/wp-json\/wp\/v2\/types\/page"}],"author":[{"embeddable":true,"href":"https:\/\/cphcapital.hu\/en\/wp-json\/wp\/v2\/users\/7"}],"replies":[{"embeddable":true,"href":"https:\/\/cphcapital.hu\/en\/wp-json\/wp\/v2\/comments?post=1510"}],"version-history":[{"count":28,"href":"https:\/\/cphcapital.hu\/en\/wp-json\/wp\/v2\/pages\/1510\/revisions"}],"predecessor-version":[{"id":2812,"href":"https:\/\/cphcapital.hu\/en\/wp-json\/wp\/v2\/pages\/1510\/revisions\/2812"}],"wp:featuredmedia":[{"embeddable":true,"href":"https:\/\/cphcapital.hu\/en\/wp-json\/wp\/v2\/media\/1519"}],"wp:attachment":[{"href":"https:\/\/cphcapital.hu\/en\/wp-json\/wp\/v2\/media?parent=1510"}],"curies":[{"name":"wp","href":"https:\/\/api.w.org\/{rel}","templated":true}]}}