{"id":1522,"date":"2026-05-08T19:35:23","date_gmt":"2026-05-08T17:35:23","guid":{"rendered":"https:\/\/cphcapital.hu\/services-2\/"},"modified":"2026-05-15T10:29:58","modified_gmt":"2026-05-15T08:29:58","slug":"szolgaltatasok","status":"publish","type":"page","link":"https:\/\/cphcapital.hu\/en\/szolgaltatasok\/","title":{"rendered":"Services"},"content":{"rendered":"<div data-elementor-type=\"wp-page\" data-elementor-id=\"1522\" class=\"elementor elementor-1522\" data-elementor-post-type=\"page\">\n\t\t\t\t<div class=\"elementor-element elementor-element-f5eb9d3 e-flex e-con-boxed e-con e-parent\" data-id=\"f5eb9d3\" data-element_type=\"container\" data-e-type=\"container\">\n\t\t\t\t\t<div class=\"e-con-inner\">\n\t\t\t\t<div class=\"elementor-element elementor-element-40e319a elementor-widget elementor-widget-html\" data-id=\"40e319a\" data-element_type=\"widget\" data-e-type=\"widget\" data-widget_type=\"html.default\">\n\t\t\t\t\t<link rel=\"stylesheet\" href=\"https:\/\/fonts.googleapis.com\/css2?family=Barlow:ital,wght@0,300;0,400;0,500;1,300&family=Barlow+Condensed:wght@300;400;600;700;800&display=swap\"><article style=\"max-width:1180px;width:100%;margin:0 auto;padding:60px 24px 60px;font-family:'Barlow','Inter',sans-serif;color:#f0f0f0;box-sizing:border-box;\"><header style=\"margin-bottom:50px;\"><p style=\"font-family:'Barlow Condensed','Inter',sans-serif;font-size:15px;font-weight:600;letter-spacing:.22em;text-transform:uppercase;color:#9a9a9a;margin:0 0 18px;display:flex;align-items:center;gap:12px;\"><b style=\"display:inline-block;width:44px;height:1px;background:#9a9a9a;font-weight:normal;line-height:0;\">&nbsp;<\/b>Szolg\u00e1ltat\u00e1saink<\/p><h1 style=\"font-family:'Barlow Condensed','Inter',sans-serif;font-size:clamp(55px,8.75vw,90px);font-weight:800;letter-spacing:-.01em;text-transform:uppercase;line-height:1;color:#f0f0f0;margin:0 0 30px;\">Services<\/h1><p style=\"font-size:24px;font-weight:300;color:#cccccc;line-height:1.6;max-width:950px;margin:0;\">A CPH Capital szolg\u00e1ltat\u00e1sai h\u00e1rom pill\u00e9rre \u00e9p\u00fclnek: p\u00e9nz\u00fcgyi \u00e9s piaci konzult\u00e1ci\u00f3, v\u00e1llalati p\u00e9nz\u00fcgyi tan\u00e1csad\u00e1s, valamint struktur\u00e1lt oktat\u00e1si anyagok. A megk\u00f6zel\u00edt\u00e9s minden esetben int\u00e9zm\u00e9nyi szeml\u00e9let\u0171, adatvez\u00e9relt \u00e9s gyakorlatias.<\/p><\/header><section style=\"display:grid;grid-template-columns:80px 1fr;gap:0 32px;padding:56px 0;border-top:1px solid rgba(255,255,255,.07);align-items:start;\"><b style=\"font-family:'Barlow Condensed','Inter',sans-serif;font-size:40px;font-weight:300;color:rgba(240,240,240,.22);letter-spacing:.02em;padding-top:6px;line-height:1;font-style:normal;\">01<\/b><header><h2 style=\"font-family:'Barlow Condensed','Inter',sans-serif;font-size:clamp(33px,5vw,48px);font-weight:700;text-transform:uppercase;letter-spacing:.02em;color:#f0f0f0;margin:0 0 32px;line-height:1.1;\">Financial and market consulting<\/h2><p style=\"margin:0 0 24px;font-size:21px;line-height:1.7;color:#cccccc;font-weight:300;\">Ez a szolg\u00e1ltat\u00e1s azoknak sz\u00f3l, akik szeretn\u00e9k m\u00e9lyebben meg\u00e9rteni a p\u00e9nz\u00fcgyi piacok m\u0171k\u00f6d\u00e9s\u00e9t, a makrogazdas\u00e1gi folyamatokat \u00e9s a befektet\u00e9si d\u00f6nt\u00e9sek m\u00f6g\u00f6tti \u00f6sszef\u00fcgg\u00e9seket.<\/p><p style=\"margin:0 0 24px;font-size:21px;line-height:1.7;color:#cccccc;font-weight:300;\">A konzult\u00e1ci\u00f3 nem konkr\u00e9t befektet\u00e9si aj\u00e1nl\u00e1sokra \u00e9p\u00fcl, hanem egy struktur\u00e1lt gondolkod\u00e1si keretet ad, amely seg\u00edt a piaci helyzetek \u00e9rtelmez\u00e9s\u00e9ben \u00e9s a kock\u00e1zatok tudatosabb kezel\u00e9s\u00e9ben.<\/p><p style=\"margin:0 0 24px;font-size:21px;line-height:1.7;color:#cccccc;font-weight:300;\">A folyamat \u00e1ltal\u00e1ban 3 \u00f3r\u00e1s, online form\u00e1ban zajlik, de ig\u00e9ny eset\u00e9n szem\u00e9lyes egyeztet\u00e9s is lehets\u00e9ges. A konzult\u00e1ci\u00f3t megel\u0151z\u0151en r\u00f6vid el\u0151zetes egyeztet\u00e9s t\u00f6rt\u00e9nik, amely seg\u00edt a f\u00f3kuszter\u00fcletek meghat\u00e1roz\u00e1s\u00e1ban.<\/p><p style=\"margin:0;font-size:21px;line-height:1.7;color:#cccccc;font-weight:300;\">A besz\u00e9lget\u00e9st k\u00f6vet\u0151en az \u00fcgyf\u00e9l egy struktur\u00e1lt \u00f6sszefoglal\u00f3t kap a f\u0151bb meg\u00e1llap\u00edt\u00e1sokr\u00f3l, piaci \u00f6sszef\u00fcgg\u00e9sekr\u0151l \u00e9s \u00e9rtelmez\u00e9si szempontokr\u00f3l, amelyek k\u00e9s\u0151bbi d\u00f6nt\u00e9shozatalban is haszn\u00e1lhat\u00f3k.<\/p><\/header><\/section><section style=\"display:grid;grid-template-columns:80px 1fr;gap:0 32px;padding:56px 0;border-top:1px solid rgba(255,255,255,.07);align-items:start;\"><b style=\"font-family:'Barlow Condensed','Inter',sans-serif;font-size:40px;font-weight:300;color:rgba(240,240,240,.22);letter-spacing:.02em;padding-top:6px;line-height:1;font-style:normal;\">02<\/b><header><h2 style=\"font-family:'Barlow Condensed','Inter',sans-serif;font-size:clamp(33px,5vw,48px);font-weight:700;text-transform:uppercase;letter-spacing:.02em;color:#f0f0f0;margin:0 0 32px;line-height:1.1;\">Corporate financial consulting<\/h2><p style=\"margin:0 0 24px;font-size:21px;line-height:1.7;color:#cccccc;font-weight:300;\">Ez a szolg\u00e1ltat\u00e1s kis- \u00e9s k\u00f6z\u00e9pv\u00e1llalatok sz\u00e1m\u00e1ra k\u00e9sz\u00fclt, akik professzion\u00e1lis p\u00e9nz\u00fcgyi szeml\u00e9letet szeretn\u00e9nek be\u00e9p\u00edteni m\u0171k\u00f6d\u00e9s\u00fckbe, k\u00fcl\u00f6n\u00f6s tekintettel a likvidit\u00e1smenedzsmentre, finansz\u00edroz\u00e1sra \u00e9s p\u00e9nz\u00fcgyi tervez\u00e9sre.<\/p><p style=\"margin:0 0 24px;font-size:21px;line-height:1.7;color:#cccccc;font-weight:300;\">A tan\u00e1csad\u00e1s f\u00f3kusz\u00e1ban a v\u00e1llalati p\u00e9nz\u00fcgyi strukt\u00fara \u00e1ttekint\u00e9se, optimaliz\u00e1l\u00e1sa \u00e9s a p\u00e9nz\u00fcgyi d\u00f6nt\u00e9shozatal t\u00e1mogat\u00e1sa \u00e1ll. Ide tartozhat cash-flow tervez\u00e9s, finansz\u00edroz\u00e1si lehet\u0151s\u00e9gek \u00e9rt\u00e9kel\u00e9se, valamint kock\u00e1zatkezel\u00e9si alapelvek kialak\u00edt\u00e1sa is.<\/p><p style=\"margin:0;font-size:21px;line-height:1.7;color:#cccccc;font-weight:300;\">A szolg\u00e1ltat\u00e1s c\u00e9lja nem egyetlen tranzakci\u00f3 vagy term\u00e9k javaslata, hanem egy stabil, \u00e1tl\u00e1that\u00f3 p\u00e9nz\u00fcgyi m\u0171k\u00f6d\u00e9s kialak\u00edt\u00e1s\u00e1nak t\u00e1mogat\u00e1sa.<\/p><\/header><\/section><section style=\"display:grid;grid-template-columns:80px 1fr;gap:0 32px;padding:56px 0;border-top:1px solid rgba(255,255,255,.07);border-bottom:1px solid rgba(255,255,255,.07);align-items:start;\"><b style=\"font-family:'Barlow Condensed','Inter',sans-serif;font-size:40px;font-weight:300;color:rgba(240,240,240,.22);letter-spacing:.02em;padding-top:6px;line-height:1;font-style:normal;\">03<\/b><header><h2 style=\"font-family:'Barlow Condensed','Inter',sans-serif;font-size:clamp(33px,5vw,48px);font-weight:700;text-transform:uppercase;letter-spacing:.02em;color:#f0f0f0;margin:0 0 20px;line-height:1.1;\">Digital learning materials <small style=\"display:inline-block;vertical-align:middle;font-family:'Barlow Condensed','Inter',sans-serif;font-size:14px;font-weight:600;letter-spacing:.18em;text-transform:uppercase;color:rgba(255,255,255,.55);background:rgba(255,255,255,.08);border:1px solid rgba(255,255,255,.15);padding:5px 12px;margin-left:14px;font-style:normal;\">Soon<\/small><\/h2><p style=\"margin:0 0 24px;font-size:21px;line-height:1.7;color:#cccccc;font-weight:300;\">A CPH Capital oktat\u00f3anyagai struktur\u00e1lt form\u00e1ban mutatj\u00e1k be a p\u00e9nz\u00fcgyi piacok, makrogazdas\u00e1g \u00e9s befektet\u00e9si gondolkod\u00e1s alapjait \u00e9s \u00f6sszef\u00fcgg\u00e9seit.<\/p><p style=\"margin:0 0 24px;font-size:21px;line-height:1.7;color:#cccccc;font-weight:300;\">Az anyagok c\u00e9lja, hogy gyakorlati, int\u00e9zm\u00e9nyi szeml\u00e9letet adjanak \u00e1t, amely seg\u00edti a tudatosabb p\u00e9nz\u00fcgyi d\u00f6nt\u00e9shozatalt.<\/p><p style=\"margin:0 0 24px;font-size:21px;line-height:1.7;color:#cccccc;font-weight:300;\">A tartalmak form\u00e1tuma v\u00e1rhat\u00f3an vide\u00f3s \u00e9s \u00edrott anyagok kombin\u00e1ci\u00f3ja lesz, kezd\u0151 \u00e9s halad\u00f3 szinteken is.<\/p><p style=\"margin:0;font-size:21px;line-height:1.7;color:#cccccc;font-weight:300;font-style:italic;\">Az oktat\u00f3anyagok jelenleg fejleszt\u00e9s alatt \u00e1llnak, \u00e9s k\u00e9s\u0151bbi id\u0151pontban ker\u00fclnek publik\u00e1l\u00e1sra.<\/p><\/header><\/section><\/article>\t\t\t\t<\/div>\n\t\t\t\t\t<\/div>\n\t\t\t\t<\/div>\n\t\t\t\t<\/div>","protected":false},"excerpt":{"rendered":"<p>&nbsp;Szolg\u00e1ltat\u00e1saink Szolg\u00e1ltat\u00e1sok A CPH Capital szolg\u00e1ltat\u00e1sai h\u00e1rom pill\u00e9rre \u00e9p\u00fclnek: p\u00e9nz\u00fcgyi \u00e9s piaci konzult\u00e1ci\u00f3, v\u00e1llalati p\u00e9nz\u00fcgyi tan\u00e1csad\u00e1s, valamint struktur\u00e1lt oktat\u00e1si anyagok. A megk\u00f6zel\u00edt\u00e9s minden esetben int\u00e9zm\u00e9nyi szeml\u00e9let\u0171, adatvez\u00e9relt \u00e9s gyakorlatias. 01 P\u00e9nz\u00fcgyi \u00e9s piaci konzult\u00e1ci\u00f3 Ez a szolg\u00e1ltat\u00e1s azoknak sz\u00f3l, akik szeretn\u00e9k m\u00e9lyebben meg\u00e9rteni a p\u00e9nz\u00fcgyi piacok m\u0171k\u00f6d\u00e9s\u00e9t, a makrogazdas\u00e1gi folyamatokat \u00e9s a befektet\u00e9si d\u00f6nt\u00e9sek m\u00f6g\u00f6tti [&hellip;]<\/p>\n","protected":false},"author":7,"featured_media":1531,"parent":0,"menu_order":0,"comment_status":"closed","ping_status":"closed","template":"","meta":{"footnotes":""},"class_list":["post-1522","page","type-page","status-publish","has-post-thumbnail","hentry"],"_links":{"self":[{"href":"https:\/\/cphcapital.hu\/en\/wp-json\/wp\/v2\/pages\/1522","targetHints":{"allow":["GET"]}}],"collection":[{"href":"https:\/\/cphcapital.hu\/en\/wp-json\/wp\/v2\/pages"}],"about":[{"href":"https:\/\/cphcapital.hu\/en\/wp-json\/wp\/v2\/types\/page"}],"author":[{"embeddable":true,"href":"https:\/\/cphcapital.hu\/en\/wp-json\/wp\/v2\/users\/7"}],"replies":[{"embeddable":true,"href":"https:\/\/cphcapital.hu\/en\/wp-json\/wp\/v2\/comments?post=1522"}],"version-history":[{"count":23,"href":"https:\/\/cphcapital.hu\/en\/wp-json\/wp\/v2\/pages\/1522\/revisions"}],"predecessor-version":[{"id":2818,"href":"https:\/\/cphcapital.hu\/en\/wp-json\/wp\/v2\/pages\/1522\/revisions\/2818"}],"wp:featuredmedia":[{"embeddable":true,"href":"https:\/\/cphcapital.hu\/en\/wp-json\/wp\/v2\/media\/1531"}],"wp:attachment":[{"href":"https:\/\/cphcapital.hu\/en\/wp-json\/wp\/v2\/media?parent=1522"}],"curies":[{"name":"wp","href":"https:\/\/api.w.org\/{rel}","templated":true}]}}