{"id":1534,"date":"2026-05-08T19:35:24","date_gmt":"2026-05-08T17:35:24","guid":{"rendered":"https:\/\/cphcapital.hu\/about-2\/"},"modified":"2026-05-15T10:29:55","modified_gmt":"2026-05-15T08:29:55","slug":"bemutatkozas","status":"publish","type":"page","link":"https:\/\/cphcapital.hu\/en\/bemutatkozas\/","title":{"rendered":"Introduction"},"content":{"rendered":"<div data-elementor-type=\"wp-page\" data-elementor-id=\"1534\" class=\"elementor elementor-1534\" data-elementor-post-type=\"page\">\n\t\t\t\t<div class=\"elementor-element elementor-element-c4318b3 e-flex e-con-boxed e-con e-parent\" data-id=\"c4318b3\" data-element_type=\"container\" data-e-type=\"container\">\n\t\t\t\t\t<div class=\"e-con-inner\">\n\t\t\t\t<div class=\"elementor-element elementor-element-d0371a9 elementor-widget elementor-widget-html\" data-id=\"d0371a9\" data-element_type=\"widget\" data-e-type=\"widget\" data-widget_type=\"html.default\">\n\t\t\t\t\t<link rel=\"stylesheet\" href=\"https:\/\/fonts.googleapis.com\/css2?family=Barlow:ital,wght@0,300;0,400;0,500;1,300&family=Barlow+Condensed:wght@300;400;600;700;800&display=swap\"><article style=\"max-width:1180px;width:100%;margin:0 auto;padding:60px 24px 100px;font-family:'Barlow','Inter',sans-serif;color:#f0f0f0;box-sizing:border-box;\"><header style=\"display:grid;grid-template-columns:1.3fr 0.9fr;gap:60px;align-items:center;padding-bottom:60px;\"><section style=\"order:1;\"><p style=\"font-family:'Barlow Condensed','Inter',sans-serif;font-size:15px;font-weight:600;letter-spacing:.22em;text-transform:uppercase;color:#9a9a9a;margin:0 0 18px;display:flex;align-items:center;gap:12px;\"><b style=\"display:inline-block;width:44px;height:1px;background:#9a9a9a;font-weight:normal;line-height:0;\">&nbsp;<\/b>Introduction<\/p><h1 style=\"font-family:'Barlow Condensed','Inter',sans-serif;font-size:clamp(55px,8.13vw,90px);font-weight:800;letter-spacing:-.01em;text-transform:uppercase;line-height:1;color:#f0f0f0;margin:0 0 30px;\">Andr\u00e1s F\u00f6ldes<\/h1><p style=\"font-size:24px;font-weight:300;color:#cccccc;line-height:1.55;margin:0;\">K\u00e9t \u00e9vtizede dolgozom a p\u00e9nz\u00fcgyi piacok int\u00e9zm\u00e9nyi oldal\u00e1n \u2014 treasury, p\u00e9nz\u00fcgyi kock\u00e1zatkezel\u00e9s \u00e9s v\u00e1llalati finansz\u00edroz\u00e1s ter\u00fclet\u00e9n.<\/p><\/section><img decoding=\"async\" src=\"https:\/\/cphcapital.hu\/wp-content\/uploads\/2026\/05\/foldes_andras_web.jpg\" alt=\"F\u00f6ldes Andr\u00e1s \u2014 p\u00e9nz\u00fcgyi szak\u00e9rt\u0151, CPH Capital\" style=\"width:100%;height:auto;display:block;border-radius:4px;order:2;\"><\/header><section style=\"display:grid;grid-template-columns:80px 1fr;gap:0 32px;padding:56px 0;border-top:1px solid rgba(255,255,255,.07);align-items:start;\"><b style=\"font-family:'Barlow Condensed','Inter',sans-serif;font-size:40px;font-weight:300;color:rgba(240,240,240,.22);letter-spacing:.02em;padding-top:6px;line-height:1;font-style:normal;\">01<\/b><header><h2 style=\"font-family:'Barlow Condensed','Inter',sans-serif;font-size:clamp(33px,5vw,48px);font-weight:700;text-transform:uppercase;letter-spacing:.02em;color:#f0f0f0;margin:0 0 32px;line-height:1.1;\">P\u00e1lyakezd\u00e9s<\/h2><p style=\"margin:0;font-size:21px;line-height:1.7;color:#cccccc;font-weight:300;\">P\u00e1lyafut\u00e1somat banki treasury k\u00f6rnyezetben kezdtem az ING-n\u00e9l, ahol napi szinten foglalkoztam p\u00e9nz\u00fcgyi piaci \u00e9s treasury term\u00e9kek monitoroz\u00e1s\u00e1val, eredm\u00e9nyess\u00e9g\u00e9nek elemz\u00e9s\u00e9vel, valamint a treasury m\u0171k\u00f6d\u00e9s\u00e9nek kontrollj\u00e1val. Emellett feladatom volt a piaci folyamatok folyamatos k\u00f6vet\u00e9se \u00e9s a kapcsol\u00f3d\u00f3 kock\u00e1zatok elemz\u00e9se is. Ez az id\u0151szak alapozta meg azt az int\u00e9zm\u00e9nyi szeml\u00e9letet, amely ma is meghat\u00e1rozza a p\u00e9nz\u00fcgyi piacokr\u00f3l alkotott gondolkod\u00e1somat.<\/p><\/header><\/section><section style=\"display:grid;grid-template-columns:80px 1fr;gap:0 32px;padding:56px 0;border-top:1px solid rgba(255,255,255,.07);align-items:start;\"><b style=\"font-family:'Barlow Condensed','Inter',sans-serif;font-size:40px;font-weight:300;color:rgba(240,240,240,.22);letter-spacing:.02em;padding-top:6px;line-height:1;font-style:normal;\">02<\/b><header><h2 style=\"font-family:'Barlow Condensed','Inter',sans-serif;font-size:clamp(33px,5vw,48px);font-weight:700;text-transform:uppercase;letter-spacing:.02em;color:#f0f0f0;margin:0 0 32px;line-height:1.1;\">Vezet\u0151i p\u00e1lyafut\u00e1s<\/h2><p style=\"margin:0 0 24px;font-size:21px;line-height:1.7;color:#cccccc;font-weight:300;\">Az ezt k\u00f6vet\u0151 \u00e9vekben banki \u00e9s v\u00e1llalati treasury vezet\u0151i poz\u00edci\u00f3kban dolgoztam a UniCredit Bankn\u00e1l, a Cargilln\u00e9l, a F\u0150G\u00c1Z-n\u00e1l, az NKM Energi\u00e1n\u00e1l \u00e9s a MAVIR-n\u00e1l. Munk\u00e1m sor\u00e1n felel\u0151ss\u00e9get viseltem a treasury m\u0171k\u00f6d\u00e9s ir\u00e1ny\u00edt\u00e1s\u00e1\u00e9rt, a likvidit\u00e1smenedzsment\u00e9rt, valamint a deviza- \u00e9s kamatkock\u00e1zatok elemz\u00e9s\u00e9\u00e9rt \u00e9s kezel\u00e9s\u00e9\u00e9rt. Emellett akt\u00edvan r\u00e9szt vettem fedezeti strat\u00e9gi\u00e1k kialak\u00edt\u00e1s\u00e1ban, p\u00e9nz\u00fcgyi d\u00f6nt\u00e9st\u00e1mogat\u00e1sban \u00e9s a v\u00e1llalati finansz\u00edroz\u00e1si strukt\u00far\u00e1k m\u0171k\u00f6dtet\u00e9s\u00e9ben.<\/p><p style=\"margin:0 0 24px;font-size:21px;line-height:1.7;color:#cccccc;font-weight:300;\">A UniCredit Bankn\u00e1l treasury controlling \u00e9s p\u00e9nz\u00fcgyi piaci kock\u00e1zatkezel\u00e9si ter\u00fcleten dolgoztam, ahol a treasury \u00e9s ALM eredm\u00e9nyess\u00e9g\u00e9nek elemz\u00e9se, nyitott devizapoz\u00edci\u00f3k monitoroz\u00e1sa, partnerkock\u00e1zatok kezel\u00e9se \u00e9s napi p\u00e9nz\u00fcgyi riporting tartozott a feladataim k\u00f6z\u00e9. Ez a szerepk\u00f6r tov\u00e1bb m\u00e9ly\u00edtette a p\u00e9nz\u00fcgyi piacok int\u00e9zm\u00e9nyi m\u0171k\u00f6d\u00e9s\u00e9nek meg\u00e9rt\u00e9s\u00e9t.<\/p><p style=\"margin:0 0 24px;font-size:21px;line-height:1.7;color:#cccccc;font-weight:300;\">A Cargilln\u00e9l treasury vezet\u0151k\u00e9nt egy \u00e9vi t\u00f6bb mint 140 milli\u00e1rd forintos forgalm\u00fa treasury m\u0171k\u00f6d\u00e9s teljes k\u00f6r\u0171 ir\u00e1ny\u00edt\u00e1s\u00e1\u00e9rt feleltem. Feladataim k\u00f6z\u00e9 tartozott a cash-flow tervez\u00e9s, likvidit\u00e1skezel\u00e9s, deviza- \u00e9s kamatkitetts\u00e9gek elemz\u00e9se, fedezeti \u00fcgyletek alkalmaz\u00e1sa, valamint banki finansz\u00edroz\u00e1si strukt\u00far\u00e1k \u00e9s p\u00e9nz\u00fcgyi piaci instrumentumok kezel\u00e9se nagyv\u00e1llalati k\u00f6rnyezetben.<\/p><p style=\"margin:0;font-size:21px;line-height:1.7;color:#cccccc;font-weight:300;\">Ezt k\u00f6vet\u0151en a F\u0150G\u00c1Z-n\u00e1l, az NKM Energi\u00e1n\u00e1l \u00e9s k\u00e9s\u0151bb a MAVIR-n\u00e1l vezet\u0151 p\u00e9nz\u00fcgyi szerepk\u00f6r\u00f6kben folytattam p\u00e1lyafut\u00e1somat, ahol a strat\u00e9giai treasury m\u0171k\u00f6d\u00e9s, a kock\u00e1zatkezel\u00e9s \u00e9s a hossz\u00fa t\u00e1v\u00fa p\u00e9nz\u00fcgyi stabilit\u00e1s biztos\u00edt\u00e1sa \u00e1llt a f\u00f3kuszban.<\/p><\/header><\/section><section style=\"display:grid;grid-template-columns:80px 1fr;gap:0 32px;padding:56px 0;border-top:1px solid rgba(255,255,255,.07);align-items:start;\"><b style=\"font-family:'Barlow Condensed','Inter',sans-serif;font-size:40px;font-weight:300;color:rgba(240,240,240,.22);letter-spacing:.02em;padding-top:6px;line-height:1;font-style:normal;\">03<\/b><header><h2 style=\"font-family:'Barlow Condensed','Inter',sans-serif;font-size:clamp(33px,5vw,48px);font-weight:700;text-transform:uppercase;letter-spacing:.02em;color:#f0f0f0;margin:0 0 32px;line-height:1.1;\">Szakmai megk\u00f6zel\u00edt\u00e9s \u00e9s k\u00fcldet\u00e9s<\/h2><p style=\"margin:0 0 24px;font-size:21px;line-height:1.7;color:#cccccc;font-weight:300;\">Hiszem, hogy a p\u00e9nz\u00fcgyi piacokon a tart\u00f3s eredm\u00e9nyess\u00e9g alapja nem a r\u00f6vid t\u00e1v\u00fa spekul\u00e1ci\u00f3, hanem a struktur\u00e1lt gondolkod\u00e1s, az adatalap\u00fa d\u00f6nt\u00e9shozatal \u00e9s a kock\u00e1zatok m\u00e9ly meg\u00e9rt\u00e9se. A mai inform\u00e1ci\u00f3s k\u00f6rnyezetben k\u00fcl\u00f6n\u00f6sen fontosnak tartom a tiszta, szakmai \u00e9s gyakorlatias megk\u00f6zel\u00edt\u00e9st.<\/p><p style=\"margin:0;font-size:21px;line-height:1.7;color:#cccccc;font-weight:300;\">A CPH Capital l\u00e9trehoz\u00e1s\u00e1nak c\u00e9lja, hogy ezt az int\u00e9zm\u00e9nyi szeml\u00e9letet k\u00f6z\u00e9rthet\u0151 form\u00e1ban adjam \u00e1t azok sz\u00e1m\u00e1ra, akik szeretn\u00e9k jobban meg\u00e9rteni a p\u00e9nz\u00fcgyi piacok m\u0171k\u00f6d\u00e9s\u00e9t, a makrogazdas\u00e1gi folyamatokat \u00e9s a befektet\u00e9si d\u00f6nt\u00e9sek m\u00f6g\u00f6tti logik\u00e1t. C\u00e9lom egy olyan szakmai platform kialak\u00edt\u00e1sa, amely eduk\u00e1ci\u00f3ra, \u00e1tl\u00e1that\u00f3s\u00e1gra \u00e9s tudatos p\u00e9nz\u00fcgyi gondolkod\u00e1sra \u00e9p\u00fcl.<\/p><\/header><\/section><section style=\"display:grid;grid-template-columns:80px 1fr;gap:0 32px;padding:56px 0;border-top:1px solid rgba(255,255,255,.07);border-bottom:1px solid rgba(255,255,255,.07);align-items:start;\"><b style=\"font-family:'Barlow Condensed','Inter',sans-serif;font-size:40px;font-weight:300;color:rgba(240,240,240,.22);letter-spacing:.02em;padding-top:6px;line-height:1;font-style:normal;\">04<\/b><header><h2 style=\"font-family:'Barlow Condensed','Inter',sans-serif;font-size:clamp(33px,5vw,48px);font-weight:700;text-transform:uppercase;letter-spacing:.02em;color:#f0f0f0;margin:0 0 32px;line-height:1.1;\">Tanulm\u00e1nyok<\/h2><p style=\"margin:0;font-size:21px;line-height:1.7;color:#cccccc;font-weight:300;\">Tanulm\u00e1nyaimat a P\u00e9nz\u00fcgyi \u00e9s Sz\u00e1mviteli F\u0151iskol\u00e1n p\u00e9nz\u00fcgy \u00e9s sz\u00e1mvitel szakon kezdtem, majd a Saxion University of Applied Sciences (Holland) int\u00e9zm\u00e9nyben folytattam fels\u0151fok\u00fa tanulm\u00e1nyaimat. Ezt k\u00f6vet\u0151en a Budapesti Gazdas\u00e1gi Egyetemen k\u00f6zgazdas\u00e1gtan mesterszakon v\u00e9geztem, ahol szakdolgozatom f\u00f3kusz\u00e1ban v\u00e1llalat\u00e9rt\u00e9kel\u00e9si m\u00f3dszerek \u00e9s p\u00e9nz\u00fcgyi elemz\u00e9s \u00e1llt.<\/p><\/header><\/section><\/article>\t\t\t\t<\/div>\n\t\t\t\t\t<\/div>\n\t\t\t\t<\/div>\n\t\t\t\t<\/div>","protected":false},"excerpt":{"rendered":"<p>&nbsp;Bemutatkoz\u00e1s F\u00f6ldes Andr\u00e1s K\u00e9t \u00e9vtizede dolgozom a p\u00e9nz\u00fcgyi piacok int\u00e9zm\u00e9nyi oldal\u00e1n \u2014 treasury, p\u00e9nz\u00fcgyi kock\u00e1zatkezel\u00e9s \u00e9s v\u00e1llalati finansz\u00edroz\u00e1s ter\u00fclet\u00e9n. 01 P\u00e1lyakezd\u00e9s P\u00e1lyafut\u00e1somat banki treasury k\u00f6rnyezetben kezdtem az ING-n\u00e9l, ahol napi szinten foglalkoztam p\u00e9nz\u00fcgyi piaci \u00e9s treasury term\u00e9kek monitoroz\u00e1s\u00e1val, eredm\u00e9nyess\u00e9g\u00e9nek elemz\u00e9s\u00e9vel, valamint a treasury m\u0171k\u00f6d\u00e9s\u00e9nek kontrollj\u00e1val. Emellett feladatom volt a piaci folyamatok folyamatos k\u00f6vet\u00e9se \u00e9s a [&hellip;]<\/p>\n","protected":false},"author":7,"featured_media":1543,"parent":0,"menu_order":0,"comment_status":"closed","ping_status":"closed","template":"elementor_header_footer","meta":{"footnotes":""},"class_list":["post-1534","page","type-page","status-publish","has-post-thumbnail","hentry"],"_links":{"self":[{"href":"https:\/\/cphcapital.hu\/en\/wp-json\/wp\/v2\/pages\/1534","targetHints":{"allow":["GET"]}}],"collection":[{"href":"https:\/\/cphcapital.hu\/en\/wp-json\/wp\/v2\/pages"}],"about":[{"href":"https:\/\/cphcapital.hu\/en\/wp-json\/wp\/v2\/types\/page"}],"author":[{"embeddable":true,"href":"https:\/\/cphcapital.hu\/en\/wp-json\/wp\/v2\/users\/7"}],"replies":[{"embeddable":true,"href":"https:\/\/cphcapital.hu\/en\/wp-json\/wp\/v2\/comments?post=1534"}],"version-history":[{"count":19,"href":"https:\/\/cphcapital.hu\/en\/wp-json\/wp\/v2\/pages\/1534\/revisions"}],"predecessor-version":[{"id":2800,"href":"https:\/\/cphcapital.hu\/en\/wp-json\/wp\/v2\/pages\/1534\/revisions\/2800"}],"wp:featuredmedia":[{"embeddable":true,"href":"https:\/\/cphcapital.hu\/en\/wp-json\/wp\/v2\/media\/1543"}],"wp:attachment":[{"href":"https:\/\/cphcapital.hu\/en\/wp-json\/wp\/v2\/media?parent=1534"}],"curies":[{"name":"wp","href":"https:\/\/api.w.org\/{rel}","templated":true}]}}