{"id":1546,"date":"2026-05-08T19:35:25","date_gmt":"2026-05-08T17:35:25","guid":{"rendered":"https:\/\/cphcapital.hu\/home-2\/"},"modified":"2026-05-15T11:14:26","modified_gmt":"2026-05-15T09:14:26","slug":"home-2","status":"publish","type":"page","link":"https:\/\/cphcapital.hu\/en\/","title":{"rendered":"Home"},"content":{"rendered":"\t\t<div data-elementor-type=\"wp-page\" data-elementor-id=\"1546\" class=\"elementor elementor-1546\" data-elementor-post-type=\"page\">\n\t\t\t\t<div class=\"elementor-element elementor-element-57c99ce e-flex e-con-boxed e-con e-parent\" data-id=\"57c99ce\" data-element_type=\"container\" data-e-type=\"container\">\n\t\t\t\t\t<div class=\"e-con-inner\">\n\t\t\t\t<div class=\"elementor-element elementor-element-a2e6733 elementor-widget elementor-widget-html\" data-id=\"a2e6733\" data-element_type=\"widget\" data-e-type=\"widget\" data-widget_type=\"html.default\">\n\t\t\t\t\t<link rel=\"stylesheet\" href=\"https:\/\/fonts.googleapis.com\/css2?family=Barlow:ital,wght@0,300;0,400;0,500;1,300&family=Barlow+Condensed:wght@300;400;600;700;800&display=swap\"><section style=\"max-width:1280px;width:100%;margin:0 auto;padding:80px 24px 40px;font-family:'Barlow','Inter',sans-serif;color:#f0f0f0;box-sizing:border-box;\"><header style=\"display:grid;grid-template-columns:1.3fr 0.9fr;gap:60px;align-items:center;\"><article><p style=\"font-family:'Barlow Condensed','Inter',sans-serif;font-size:15px;font-weight:600;letter-spacing:.22em;text-transform:uppercase;color:#9a9a9a;margin:0 0 22px;display:flex;align-items:center;gap:12px;\"><b style=\"display:inline-block;width:44px;height:1px;background:#9a9a9a;font-weight:normal;line-height:0;\">&nbsp;<\/b>Piaci eduk\u00e1ci\u00f3 \u00b7 P\u00e9nz\u00fcgyi konzult\u00e1ci\u00f3<\/p><h1 style=\"font-family:'Barlow Condensed','Inter',sans-serif;font-size:clamp(60px,8.75vw,105px);font-weight:800;letter-spacing:-.01em;text-transform:uppercase;line-height:.98;color:#f0f0f0;margin:0 0 32px;\">P\u00e9nz\u00fcgyi piacok<br>int\u00e9zm\u00e9nyi szeml\u00e9lettel<\/h1><p style=\"font-size:24px;font-weight:300;color:#cccccc;line-height:1.6;max-width:660px;margin:0 0 40px;\">T\u00f6bb mint k\u00e9t \u00e9vtized treasury, kock\u00e1zatkezel\u00e9s \u00e9s v\u00e1llalati finansz\u00edroz\u00e1s tapasztalata \u2014 k\u00f6z\u00e9rthet\u0151 form\u00e1ban, eduk\u00e1ci\u00f3s alapokon.<\/p><nav style=\"display:flex;flex-wrap:wrap;gap:16px;\"><a href=\"https:\/\/cphcapital.hu\/kapcsolat\/\" style=\"display:inline-block;background:#ffffff;color:#0d0d0d;padding:20px 40px;font-family:'Barlow Condensed','Inter',sans-serif;font-size:16px;font-weight:700;letter-spacing:.18em;text-transform:uppercase;text-decoration:none;border:1px solid #ffffff;transition:all .2s ease;\">Konzult\u00e1ci\u00f3 k\u00e9r\u00e9se \u2192<\/a><a href=\"https:\/\/cphcapital.hu\/szolgaltatasok\/\" style=\"display:inline-block;background:transparent;color:#ffffff;padding:20px 40px;font-family:'Barlow Condensed','Inter',sans-serif;font-size:16px;font-weight:700;letter-spacing:.18em;text-transform:uppercase;text-decoration:none;border:1px solid rgba(255,255,255,.3);transition:all .2s ease;\">Szolg\u00e1ltat\u00e1sok<\/a><\/nav><\/article><img decoding=\"async\" src=\"https:\/\/cphcapital.hu\/wp-content\/uploads\/2026\/05\/foldes_andras_web.jpg\" alt=\"F\u00f6ldes Andr\u00e1s \u2014 CPH Capital\" style=\"width:100%;height:auto;display:block;\"><\/header><\/section>\t\t\t\t<\/div>\n\t\t\t\t\t<\/div>\n\t\t\t\t<\/div>\n\t\t<div class=\"elementor-element elementor-element-dd1878e e-flex e-con-boxed e-con e-parent\" data-id=\"dd1878e\" data-element_type=\"container\" data-e-type=\"container\">\n\t\t\t\t\t<div class=\"e-con-inner\">\n\t\t\t\t<div class=\"elementor-element elementor-element-786dea3 elementor-widget elementor-widget-html\" data-id=\"786dea3\" data-element_type=\"widget\" data-e-type=\"widget\" data-widget_type=\"html.default\">\n\t\t\t\t\t<section id=\"piaci-adatok\" style=\"max-width:1280px;width:100%;margin:0 auto;font-family:'Barlow','Inter',sans-serif;color:#f0f0f0;\"><header style=\"display:flex;justify-content:space-between;align-items:flex-end;flex-wrap:wrap;gap:20px;margin-bottom:40px;\"><article><p style=\"font-family:'Barlow Condensed','Inter',sans-serif;font-size:15px;font-weight:600;letter-spacing:.22em;text-transform:uppercase;color:#9a9a9a;margin:0 0 15px;display:flex;align-items:center;gap:12px;\"><b style=\"display:inline-block;width:44px;height:1px;background:#9a9a9a;font-weight:normal;line-height:0;\">&nbsp;<\/b>Piaci adatok<\/p><h2 style=\"font-family:'Barlow Condensed','Inter',sans-serif;font-size:clamp(40px,5.6vw,60px);font-weight:700;letter-spacing:-.01em;text-transform:uppercase;line-height:1;color:#f0f0f0;margin:0;\">Piaci \u00e1ttekint\u00e9s<\/h2><\/article><small style=\"font-size:16px;font-style:italic;font-weight:300;color:rgba(240,240,240,.5);max-width:475px;\">\u00c9l\u0151 piaci adatok \u2014 indexek, devizap\u00e1rok, kriptovalut\u00e1k. Csak t\u00e1j\u00e9koztat\u00f3 jelleg\u0171.<\/small><\/header><div class=\"tradingview-widget-container\" style=\"background:rgba(255,255,255,.03);border:1px solid rgba(255,255,255,.07);padding:8px;\"><div class=\"tradingview-widget-container__widget\"><\/div><script type=\"text\/javascript\" src=\"https:\/\/s3.tradingview.com\/external-embedding\/embed-widget-ticker-tape.js\" async>\n{\n\"symbols\": [\n{\"description\": \"S&P 500\", \"proName\": \"FOREXCOM:SPXUSD\"},\n{\"description\": \"DAX\", \"proName\": \"XETR:DAX\"},\n{\"description\": \"BUX\", \"proName\": \"BIST:BUX\"},\n{\"description\": \"EUR\/HUF\", \"proName\": \"FX_IDC:EURHUF\"},\n{\"description\": \"USD\/HUF\", \"proName\": \"FX_IDC:USDHUF\"},\n{\"description\": \"EUR\/USD\", \"proName\": \"FX_IDC:EURUSD\"},\n{\"description\": \"BTC\/USD\", \"proName\": \"BITSTAMP:BTCUSD\"},\n{\"description\": \"VIX\", \"proName\": \"TVC:VIX\"}\n],\n\"showSymbolLogo\": true,\n\"isTransparent\": true,\n\"displayMode\": \"regular\",\n\"colorTheme\": \"dark\",\n\"locale\": \"hu\"\n}\n<\/script><\/div><\/section>\t\t\t\t<\/div>\n\t\t\t\t\t<\/div>\n\t\t\t\t<\/div>\n\t\t<div class=\"elementor-element elementor-element-a533ffa e-flex e-con-boxed e-con e-parent\" data-id=\"a533ffa\" data-element_type=\"container\" data-e-type=\"container\">\n\t\t\t\t\t<div class=\"e-con-inner\">\n\t\t\t\t<div class=\"elementor-element elementor-element-e67fd7d elementor-widget elementor-widget-html\" data-id=\"e67fd7d\" data-element_type=\"widget\" data-e-type=\"widget\" data-widget_type=\"html.default\">\n\t\t\t\t\t<section style=\"max-width:1280px;width:100%;margin:0 auto;font-family:'Barlow','Inter',sans-serif;color:#f0f0f0;\"><header style=\"display:flex;justify-content:space-between;align-items:flex-end;flex-wrap:wrap;gap:20px;margin-bottom:60px;\"><article><p style=\"font-family:'Barlow Condensed','Inter',sans-serif;font-size:15px;font-weight:600;letter-spacing:.22em;text-transform:uppercase;color:#9a9a9a;margin:0 0 15px;display:flex;align-items:center;gap:12px;\"><b style=\"display:inline-block;width:44px;height:1px;background:#9a9a9a;font-weight:normal;line-height:0;\">&nbsp;<\/b>Friss elemz\u00e9sek<\/p><h2 style=\"font-family:'Barlow Condensed','Inter',sans-serif;font-size:clamp(40px,5.6vw,60px);font-weight:700;letter-spacing:-.01em;text-transform:uppercase;line-height:1;color:#f0f0f0;margin:0;\">Piaci h\u00edrek \u00e9s gondolatok<\/h2><\/article><a href=\"https:\/\/cphcapital.hu\/blog-piaci-hirek\/\" style=\"font-family:'Barlow Condensed','Inter',sans-serif;font-size:15px;font-weight:700;letter-spacing:.2em;text-transform:uppercase;color:#ffffff;text-decoration:none;border-bottom:1px solid rgba(255,255,255,.4);padding-bottom:5px;\">\u00d6sszes cikk \u2192<\/a><\/header><\/section>\t\t\t\t<\/div>\n\t\t\t\t<div class=\"elementor-element elementor-element-43eb8bc elementor-grid-3 elementor-grid-tablet-2 elementor-grid-mobile-1 elementor-posts--thumbnail-top elementor-widget elementor-widget-posts\" data-id=\"43eb8bc\" data-element_type=\"widget\" data-e-type=\"widget\" data-settings=\"{&quot;classic_columns&quot;:3,&quot;classic_columns_tablet&quot;:2,&quot;classic_columns_mobile&quot;:1,&quot;classic_row_gap&quot;:{&quot;unit&quot;:&quot;px&quot;,&quot;size&quot;:35,&quot;sizes&quot;:[]},&quot;classic_row_gap_tablet&quot;:{&quot;unit&quot;:&quot;px&quot;,&quot;size&quot;:&quot;&quot;,&quot;sizes&quot;:[]},&quot;classic_row_gap_mobile&quot;:{&quot;unit&quot;:&quot;px&quot;,&quot;size&quot;:&quot;&quot;,&quot;sizes&quot;:[]}}\" data-widget_type=\"posts.classic\">\n\t\t\t\t<div class=\"elementor-widget-container\">\n\t\t\t\t\t\t\t<div class=\"elementor-posts-container elementor-posts elementor-posts--skin-classic elementor-grid\" role=\"list\">\n\t\t\t\t<article class=\"elementor-post elementor-grid-item post-472 post type-post status-publish format-standard hentry category-deviza\" role=\"listitem\">\n\t\t\t\t<div class=\"elementor-post__text\">\n\t\t\t\t<h3 class=\"elementor-post__title\">\n\t\t\t<a href=\"https:\/\/cphcapital.hu\/en\/forint-euro-dollar-devizapiaci-helyzetkep-es-kilatasok\/\" >\n\t\t\t\tForint, eur\u00f3, doll\u00e1r: devizapiaci helyzetk\u00e9p \u00e9s kil\u00e1t\u00e1sok\t\t\t<\/a>\n\t\t<\/h3>\n\t\t\t\t<div class=\"elementor-post__meta-data\">\n\t\t\t\t\t<span class=\"elementor-post-date\">\n\t\t\t2026.05.08.\t\t<\/span>\n\t\t\t\t<span class=\"elementor-post-avatar\">\n\t\t\tNo Comments\t\t<\/span>\n\t\t\t\t<\/div>\n\t\t\t\t<div class=\"elementor-post__excerpt\">\n\t\t\t<p>Devizapiaci \u00e1ttekint\u00e9s: EUR\/HUF, USD\/HUF \u00e9s EUR\/USD elemz\u00e9s. Mit jelent a forint \u00e1rfolyamv\u00e1ltoz\u00e1sa a hazai befektet\u0151k sz\u00e1m\u00e1ra?<\/p>\n\t\t<\/div>\n\t\t\n\t\t<a class=\"elementor-post__read-more\" href=\"https:\/\/cphcapital.hu\/en\/forint-euro-dollar-devizapiaci-helyzetkep-es-kilatasok\/\" aria-label=\"Read more about Forint, eur\u00f3, doll\u00e1r: devizapiaci helyzetk\u00e9p \u00e9s kil\u00e1t\u00e1sok\" tabindex=\"-1\" >\n\t\t\tRead More \u00bb\t\t<\/a>\n\n\t\t\t\t<\/div>\n\t\t\t\t<\/article>\n\t\t\t\t<article class=\"elementor-post elementor-grid-item post-469 post type-post status-publish format-standard hentry category-reszvenyek\" role=\"listitem\">\n\t\t\t\t<div class=\"elementor-post__text\">\n\t\t\t\t<h3 class=\"elementor-post__title\">\n\t\t\t<a href=\"https:\/\/cphcapital.hu\/en\/tozsdei-lehetosegek-2026-ban-szektorok-amelyekre-erdemes-figyelni\/\" >\n\t\t\t\tT\u0151zsdei lehet\u0151s\u00e9gek 2026-ban: szektorok, amelyekre \u00e9rdemes figyelni\t\t\t<\/a>\n\t\t<\/h3>\n\t\t\t\t<div class=\"elementor-post__meta-data\">\n\t\t\t\t\t<span class=\"elementor-post-date\">\n\t\t\t2026.05.08.\t\t<\/span>\n\t\t\t\t<span class=\"elementor-post-avatar\">\n\t\t\tNo Comments\t\t<\/span>\n\t\t\t\t<\/div>\n\t\t\t\t<div class=\"elementor-post__excerpt\">\n\t\t\t<p>R\u00e9szv\u00e9nypiaci szektorelemz\u00e9s: technol\u00f3gia, p\u00e9nz\u00fcgy, energia \u00e9s hazai blue chipek \u2013 hol vannak 2026-ban a legjobb hozam-kock\u00e1zat lehet\u0151s\u00e9gek.<\/p>\n\t\t<\/div>\n\t\t\n\t\t<a class=\"elementor-post__read-more\" href=\"https:\/\/cphcapital.hu\/en\/tozsdei-lehetosegek-2026-ban-szektorok-amelyekre-erdemes-figyelni\/\" aria-label=\"Read more about T\u0151zsdei lehet\u0151s\u00e9gek 2026-ban: szektorok, amelyekre \u00e9rdemes figyelni\" tabindex=\"-1\" >\n\t\t\tRead More \u00bb\t\t<\/a>\n\n\t\t\t\t<\/div>\n\t\t\t\t<\/article>\n\t\t\t\t<article class=\"elementor-post elementor-grid-item post-466 post type-post status-publish format-standard hentry category-makro\" role=\"listitem\">\n\t\t\t\t<div class=\"elementor-post__text\">\n\t\t\t\t<h3 class=\"elementor-post__title\">\n\t\t\t<a href=\"https:\/\/cphcapital.hu\/en\/makrogazdasagi-kitekintes-mit-hozhat-2026-masodik-fele\/\" >\n\t\t\t\tMakrogazdas\u00e1gi kitekint\u00e9s: Mit hozhat 2026 m\u00e1sodik fele?\t\t\t<\/a>\n\t\t<\/h3>\n\t\t\t\t<div class=\"elementor-post__meta-data\">\n\t\t\t\t\t<span class=\"elementor-post-date\">\n\t\t\t2026.05.08.\t\t<\/span>\n\t\t\t\t<span class=\"elementor-post-avatar\">\n\t\t\tNo Comments\t\t<\/span>\n\t\t\t\t<\/div>\n\t\t\t\t<div class=\"elementor-post__excerpt\">\n\t\t\t<p>Hazai \u00e9s nemzetk\u00f6zi makrogazdas\u00e1gi \u00e1ttekint\u00e9s: kamatp\u00e1lya, infl\u00e1ci\u00f3, n\u00f6veked\u00e9s \u00e9s a befektet\u0151knek sz\u00f3l\u00f3 legfontosabb tanuls\u00e1gok 2026 m\u00e1sodik fel\u00e9re.<\/p>\n\t\t<\/div>\n\t\t\n\t\t<a class=\"elementor-post__read-more\" href=\"https:\/\/cphcapital.hu\/en\/makrogazdasagi-kitekintes-mit-hozhat-2026-masodik-fele\/\" aria-label=\"Read more about Makrogazdas\u00e1gi kitekint\u00e9s: Mit hozhat 2026 m\u00e1sodik fele?\" tabindex=\"-1\" >\n\t\t\tRead More \u00bb\t\t<\/a>\n\n\t\t\t\t<\/div>\n\t\t\t\t<\/article>\n\t\t\t\t<\/div>\n\t\t\n\t\t\t\t\t\t<\/div>\n\t\t\t\t<\/div>\n\t\t\t\t\t<\/div>\n\t\t\t\t<\/div>\n\t\t<div class=\"elementor-element elementor-element-a2a5ff4 e-flex e-con-boxed e-con e-parent\" data-id=\"a2a5ff4\" data-element_type=\"container\" data-e-type=\"container\">\n\t\t\t\t\t<div class=\"e-con-inner\">\n\t\t\t\t<div class=\"elementor-element elementor-element-e55cf72 elementor-widget elementor-widget-html\" data-id=\"e55cf72\" data-element_type=\"widget\" data-e-type=\"widget\" data-widget_type=\"html.default\">\n\t\t\t\t\t<section style=\"max-width:1280px;width:100%;margin:0 auto;font-family:'Barlow','Inter',sans-serif;color:#f0f0f0;\"><header style=\"margin-bottom:60px;\"><p style=\"font-family:'Barlow Condensed','Inter',sans-serif;font-size:15px;font-weight:600;letter-spacing:.22em;text-transform:uppercase;color:#9a9a9a;margin:0 0 15px;display:flex;align-items:center;gap:12px;\"><b style=\"display:inline-block;width:44px;height:1px;background:#9a9a9a;font-weight:normal;line-height:0;\">&nbsp;<\/b>Szolg\u00e1ltat\u00e1sok<\/p><h2 style=\"font-family:'Barlow Condensed','Inter',sans-serif;font-size:clamp(40px,5.6vw,60px);font-weight:700;letter-spacing:-.01em;text-transform:uppercase;line-height:1;color:#f0f0f0;margin:0 0 20px;\">H\u00e1rom pill\u00e9rre \u00e9p\u00fcl\u0151 szakmai platform<\/h2><p style=\"font-size:21px;font-weight:300;color:#cccccc;line-height:1.6;max-width:780px;margin:0;\">Int\u00e9zm\u00e9nyi szeml\u00e9let\u0171, adatvez\u00e9relt \u00e9s gyakorlatias megk\u00f6zel\u00edt\u00e9s \u2014 h\u00e1rom ter\u00fcleten.<\/p><\/header><article style=\"display:grid;grid-template-columns:repeat(auto-fit,minmax(310px,1fr));gap:28px;margin-bottom:40px;\"><section style=\"background:rgba(255,255,255,.03);border:1px solid rgba(255,255,255,.08);border-left:3px solid #ffffff;padding:40px 36px;\"><p style=\"font-family:'Barlow Condensed','Inter',sans-serif;font-size:40px;font-weight:300;color:rgba(240,240,240,.22);letter-spacing:.02em;line-height:1;margin:0 0 22px;\">01<\/p><h3 style=\"font-family:'Barlow Condensed','Inter',sans-serif;font-size:28px;font-weight:700;text-transform:uppercase;letter-spacing:.02em;color:#f0f0f0;margin:0 0 20px;line-height:1.2;\">P\u00e9nz\u00fcgyi \u00e9s piaci konzult\u00e1ci\u00f3<\/h3><p style=\"font-size:19px;line-height:1.6;color:#cccccc;font-weight:300;margin:0 0 26px;\">Struktur\u00e1lt gondolkod\u00e1si keret a piaci helyzetek \u00e9rtelmez\u00e9s\u00e9hez \u00e9s kock\u00e1zatkezel\u00e9shez. 3 \u00f3r\u00e1s online forma.<\/p><a href=\"https:\/\/cphcapital.hu\/szolgaltatasok\/\" style=\"font-family:'Barlow Condensed','Inter',sans-serif;font-size:14px;font-weight:700;letter-spacing:.2em;text-transform:uppercase;color:#ffffff;text-decoration:none;border-bottom:1px solid rgba(255,255,255,.3);padding-bottom:4px;\">R\u00e9szletek \u2192<\/a><\/section><section style=\"background:rgba(255,255,255,.03);border:1px solid rgba(255,255,255,.08);border-left:3px solid #ffffff;padding:40px 36px;\"><p style=\"font-family:'Barlow Condensed','Inter',sans-serif;font-size:40px;font-weight:300;color:rgba(240,240,240,.22);letter-spacing:.02em;line-height:1;margin:0 0 22px;\">02<\/p><h3 style=\"font-family:'Barlow Condensed','Inter',sans-serif;font-size:28px;font-weight:700;text-transform:uppercase;letter-spacing:.02em;color:#f0f0f0;margin:0 0 20px;line-height:1.2;\">V\u00e1llalati p\u00e9nz\u00fcgyi tan\u00e1csad\u00e1s<\/h3><p style=\"font-size:19px;line-height:1.6;color:#cccccc;font-weight:300;margin:0 0 26px;\">KKV-knak professzion\u00e1lis szeml\u00e9let \u2014 likvidit\u00e1s, finansz\u00edroz\u00e1s, cash-flow tervez\u00e9s, kock\u00e1zatkezel\u00e9s.<\/p><a href=\"https:\/\/cphcapital.hu\/szolgaltatasok\/\" style=\"font-family:'Barlow Condensed','Inter',sans-serif;font-size:14px;font-weight:700;letter-spacing:.2em;text-transform:uppercase;color:#ffffff;text-decoration:none;border-bottom:1px solid rgba(255,255,255,.3);padding-bottom:4px;\">R\u00e9szletek \u2192<\/a><\/section><section style=\"background:rgba(255,255,255,.03);border:1px solid rgba(255,255,255,.08);border-left:3px solid #ffffff;padding:40px 36px;\"><p style=\"font-family:'Barlow Condensed','Inter',sans-serif;font-size:40px;font-weight:300;color:rgba(240,240,240,.22);letter-spacing:.02em;line-height:1;margin:0 0 22px;\">03<\/p><h3 style=\"font-family:'Barlow Condensed','Inter',sans-serif;font-size:28px;font-weight:700;text-transform:uppercase;letter-spacing:.02em;color:#f0f0f0;margin:0 0 20px;line-height:1.2;\">Digit\u00e1lis oktat\u00f3anyagok <small style=\"display:inline-block;font-family:'Barlow Condensed','Inter',sans-serif;font-size:13px;font-weight:600;letter-spacing:.18em;color:rgba(255,255,255,.55);background:rgba(255,255,255,.08);border:1px solid rgba(255,255,255,.15);padding:4px 10px;margin-left:8px;font-style:normal;vertical-align:middle;\">Hamarosan<\/small><\/h3><p style=\"font-size:19px;line-height:1.6;color:#cccccc;font-weight:300;margin:0 0 26px;\">Struktur\u00e1lt vide\u00f3s \u00e9s \u00edrott anyagok \u2014 p\u00e9nz\u00fcgyi piacok, makrogazdas\u00e1g, int\u00e9zm\u00e9nyi szeml\u00e9let alapjai.<\/p><a href=\"https:\/\/cphcapital.hu\/szolgaltatasok\/\" style=\"font-family:'Barlow Condensed','Inter',sans-serif;font-size:14px;font-weight:700;letter-spacing:.2em;text-transform:uppercase;color:#ffffff;text-decoration:none;border-bottom:1px solid rgba(255,255,255,.3);padding-bottom:4px;\">R\u00e9szletek \u2192<\/a><\/section><\/article><\/section>\t\t\t\t<\/div>\n\t\t\t\t\t<\/div>\n\t\t\t\t<\/div>\n\t\t<div class=\"elementor-element elementor-element-cad186e e-flex e-con-boxed e-con e-parent\" data-id=\"cad186e\" data-element_type=\"container\" data-e-type=\"container\">\n\t\t\t\t\t<div class=\"e-con-inner\">\n\t\t\t\t<div class=\"elementor-element elementor-element-e91093b elementor-widget elementor-widget-html\" data-id=\"e91093b\" data-element_type=\"widget\" data-e-type=\"widget\" data-widget_type=\"html.default\">\n\t\t\t\t\t<section style=\"max-width:1280px;width:100%;margin:0 auto;font-family:'Barlow','Inter',sans-serif;color:#f0f0f0;\"><article style=\"display:grid;grid-template-columns:0.9fr 1.3fr;gap:60px;align-items:center;\"><img decoding=\"async\" src=\"https:\/\/cphcapital.hu\/wp-content\/uploads\/2026\/05\/foldes_andras_web.jpg\" alt=\"F\u00f6ldes Andr\u00e1s\" style=\"width:100%;height:auto;display:block;\"><header><p style=\"font-family:'Barlow Condensed','Inter',sans-serif;font-size:15px;font-weight:600;letter-spacing:.22em;text-transform:uppercase;color:#9a9a9a;margin:0 0 18px;display:flex;align-items:center;gap:12px;\"><b style=\"display:inline-block;width:44px;height:1px;background:#9a9a9a;font-weight:normal;line-height:0;\">&nbsp;<\/b>Bemutatkoz\u00e1s<\/p><h2 style=\"font-family:'Barlow Condensed','Inter',sans-serif;font-size:clamp(40px,5.6vw,65px);font-weight:800;letter-spacing:-.01em;text-transform:uppercase;line-height:1;color:#f0f0f0;margin:0 0 30px;\">F\u00f6ldes Andr\u00e1s<\/h2><p style=\"font-size:21px;font-weight:300;color:#cccccc;line-height:1.7;margin:0 0 26px;\">P\u00e1lyafut\u00e1somat banki treasury k\u00f6rnyezetben kezdtem az ING-n\u00e9l, majd a UniCredit Bankn\u00e1l, a Cargilln\u00e9l, a F\u0150G\u00c1Z-n\u00e1l, az NKM Energi\u00e1n\u00e1l \u00e9s a MAVIR-n\u00e1l treasury vezet\u0151i poz\u00edci\u00f3kban dolgoztam.<\/p><p style=\"font-size:21px;font-weight:300;color:#cccccc;line-height:1.7;margin:0 0 40px;\">T\u00f6bb mint k\u00e9t \u00e9vtized int\u00e9zm\u00e9nyi tapasztalat \u2014 likvidit\u00e1smenedzsment, fedezeti strat\u00e9gi\u00e1k, v\u00e1llalati finansz\u00edroz\u00e1s, kock\u00e1zatkezel\u00e9s.<\/p><a href=\"https:\/\/cphcapital.hu\/bemutatkozas\/\" style=\"display:inline-block;background:transparent;color:#ffffff;padding:18px 36px;font-family:'Barlow Condensed','Inter',sans-serif;font-size:15px;font-weight:700;letter-spacing:.2em;text-transform:uppercase;text-decoration:none;border:1px solid rgba(255,255,255,.4);transition:all .2s ease;\">Teljes bemutatkoz\u00e1s \u2192<\/a><\/header><\/article><\/section>\t\t\t\t<\/div>\n\t\t\t\t\t<\/div>\n\t\t\t\t<\/div>\n\t\t<div class=\"elementor-element elementor-element-b456aa8 e-flex e-con-boxed e-con e-parent\" data-id=\"b456aa8\" data-element_type=\"container\" data-e-type=\"container\">\n\t\t\t\t\t<div class=\"e-con-inner\">\n\t\t\t\t<div class=\"elementor-element elementor-element-2ef19cc elementor-widget elementor-widget-html\" data-id=\"2ef19cc\" data-element_type=\"widget\" data-e-type=\"widget\" data-widget_type=\"html.default\">\n\t\t\t\t\t<section style=\"max-width:1280px;width:100%;margin:0 auto;font-family:'Barlow','Inter',sans-serif;color:#f0f0f0;text-align:center;padding:50px 0;\"><p style=\"font-family:'Barlow Condensed','Inter',sans-serif;font-size:14px;font-weight:600;letter-spacing:.22em;text-transform:uppercase;color:rgba(255,255,255,.5);background:rgba(255,255,255,.08);border:1px solid rgba(255,255,255,.15);padding:8px 18px;display:inline-block;margin:0 0 25px;\">Hamarosan<\/p><h2 style=\"font-family:'Barlow Condensed','Inter',sans-serif;font-size:clamp(35px,5vw,53px);font-weight:700;letter-spacing:-.01em;text-transform:uppercase;line-height:1.1;color:#f0f0f0;margin:0 0 25px;\">Digit\u00e1lis oktat\u00f3anyagok \u00e9s webshop<\/h2><p style=\"font-size:21px;font-weight:300;color:#cccccc;line-height:1.6;max-width:780px;margin:0 auto 40px;\">Struktur\u00e1lt vide\u00f3s \u00e9s \u00edrott tartalmak kezd\u0151 \u00e9s halad\u00f3 szinten \u2014 fejleszt\u00e9s alatt, hamarosan el\u00e9rhet\u0151k lesznek.<\/p><a href=\"https:\/\/cphcapital.hu\/kapcsolat\/\" style=\"display:inline-block;background:transparent;color:#ffffff;padding:18px 36px;font-family:'Barlow Condensed','Inter',sans-serif;font-size:15px;font-weight:700;letter-spacing:.2em;text-transform:uppercase;text-decoration:none;border:1px solid rgba(255,255,255,.4);transition:all .2s ease;\">\u00c9rtes\u00edt\u00e9st k\u00e9rek \u2192<\/a><\/section>\t\t\t\t<\/div>\n\t\t\t\t\t<\/div>\n\t\t\t\t<\/div>\n\t\t<div class=\"elementor-element elementor-element-8d2b25a e-flex e-con-boxed e-con e-parent\" data-id=\"8d2b25a\" data-element_type=\"container\" data-e-type=\"container\">\n\t\t\t\t\t<div class=\"e-con-inner\">\n\t\t\t\t<div class=\"elementor-element elementor-element-d5da960 elementor-widget elementor-widget-html\" data-id=\"d5da960\" data-element_type=\"widget\" data-e-type=\"widget\" data-widget_type=\"html.default\">\n\t\t\t\t\t<section style=\"max-width:1100px;width:100%;margin:0 auto;font-family:'Barlow','Inter',sans-serif;color:#f0f0f0;text-align:center;padding:75px 50px;background:#141414;border:1px solid rgba(255,255,255,.07);border-left:3px solid #ffffff;box-sizing:border-box;\"><p style=\"font-family:'Barlow Condensed','Inter',sans-serif;font-size:15px;font-weight:600;letter-spacing:.22em;text-transform:uppercase;color:#9a9a9a;margin:0 0 22px;\">Kapcsolatfelv\u00e9tel<\/p><h2 style=\"font-family:'Barlow Condensed','Inter',sans-serif;font-size:clamp(40px,6.25vw,70px);font-weight:800;letter-spacing:-.01em;text-transform:uppercase;line-height:1;color:#f0f0f0;margin:0 0 30px;\">Konzult\u00e1ci\u00f3s ig\u00e9nye van?<\/h2><p style=\"font-size:23px;font-weight:300;color:#cccccc;line-height:1.6;max-width:800px;margin:0 auto 45px;\">P\u00e9nz\u00fcgyi piaci k\u00e9rd\u00e9s, v\u00e1llalati p\u00e9nz\u00fcgyi szeml\u00e9let, vagy szakmai egyeztet\u00e9s \u2014 k\u00fcldj\u00f6n \u00fczenetet, \u00e9s r\u00f6vid id\u0151n bel\u00fcl visszajelzek.<\/p><a href=\"https:\/\/cphcapital.hu\/kapcsolat\/\" style=\"display:inline-block;background:#ffffff;color:#0d0d0d;padding:22px 50px;font-family:'Barlow Condensed','Inter',sans-serif;font-size:18px;font-weight:700;letter-spacing:.2em;text-transform:uppercase;text-decoration:none;border:1px solid #ffffff;transition:all .2s ease;\">\u00dczenet k\u00fcld\u00e9se \u2192<\/a><\/section>\t\t\t\t<\/div>\n\t\t\t\t\t<\/div>\n\t\t\t\t<\/div>\n\t\t\t\t<\/div>\n\t\t","protected":false},"excerpt":{"rendered":"<p>&nbsp;Piaci eduk\u00e1ci\u00f3 \u00b7 P\u00e9nz\u00fcgyi konzult\u00e1ci\u00f3 P\u00e9nz\u00fcgyi piacokint\u00e9zm\u00e9nyi szeml\u00e9lettel T\u00f6bb mint k\u00e9t \u00e9vtized treasury, kock\u00e1zatkezel\u00e9s \u00e9s v\u00e1llalati finansz\u00edroz\u00e1s tapasztalata \u2014 k\u00f6z\u00e9rthet\u0151 form\u00e1ban, eduk\u00e1ci\u00f3s alapokon. Konzult\u00e1ci\u00f3 k\u00e9r\u00e9se \u2192Szolg\u00e1ltat\u00e1sok &nbsp;Piaci adatok Piaci \u00e1ttekint\u00e9s \u00c9l\u0151 piaci adatok \u2014 indexek, devizap\u00e1rok, kriptovalut\u00e1k. Csak t\u00e1j\u00e9koztat\u00f3 jelleg\u0171. &nbsp;Friss elemz\u00e9sek Piaci h\u00edrek \u00e9s gondolatok \u00d6sszes cikk \u2192 &nbsp;Szolg\u00e1ltat\u00e1sok H\u00e1rom pill\u00e9rre \u00e9p\u00fcl\u0151 szakmai platform [&hellip;]<\/p>\n","protected":false},"author":7,"featured_media":1555,"parent":0,"menu_order":0,"comment_status":"closed","ping_status":"closed","template":"elementor_header_footer","meta":{"footnotes":""},"class_list":["post-1546","page","type-page","status-publish","has-post-thumbnail","hentry"],"_links":{"self":[{"href":"https:\/\/cphcapital.hu\/en\/wp-json\/wp\/v2\/pages\/1546","targetHints":{"allow":["GET"]}}],"collection":[{"href":"https:\/\/cphcapital.hu\/en\/wp-json\/wp\/v2\/pages"}],"about":[{"href":"https:\/\/cphcapital.hu\/en\/wp-json\/wp\/v2\/types\/page"}],"author":[{"embeddable":true,"href":"https:\/\/cphcapital.hu\/en\/wp-json\/wp\/v2\/users\/7"}],"replies":[{"embeddable":true,"href":"https:\/\/cphcapital.hu\/en\/wp-json\/wp\/v2\/comments?post=1546"}],"version-history":[{"count":54,"href":"https:\/\/cphcapital.hu\/en\/wp-json\/wp\/v2\/pages\/1546\/revisions"}],"predecessor-version":[{"id":2875,"href":"https:\/\/cphcapital.hu\/en\/wp-json\/wp\/v2\/pages\/1546\/revisions\/2875"}],"wp:featuredmedia":[{"embeddable":true,"href":"https:\/\/cphcapital.hu\/en\/wp-json\/wp\/v2\/media\/1555"}],"wp:attachment":[{"href":"https:\/\/cphcapital.hu\/en\/wp-json\/wp\/v2\/media?parent=1546"}],"curies":[{"name":"wp","href":"https:\/\/api.w.org\/{rel}","templated":true}]}}