{"id":403,"date":"2026-05-07T16:35:13","date_gmt":"2026-05-07T14:35:13","guid":{"rendered":"https:\/\/cphcapital.hu\/?page_id=403"},"modified":"2026-05-15T10:30:16","modified_gmt":"2026-05-15T08:30:16","slug":"oktatoanyagok","status":"publish","type":"page","link":"https:\/\/cphcapital.hu\/en\/oktatoanyagok\/","title":{"rendered":"Tutorials"},"content":{"rendered":"<div data-elementor-type=\"wp-page\" data-elementor-id=\"403\" class=\"elementor elementor-403\" data-elementor-post-type=\"page\">\n\t\t\t\t<div class=\"elementor-element elementor-element-e7bf482 e-flex e-con-boxed e-con e-parent\" data-id=\"e7bf482\" data-element_type=\"container\" data-e-type=\"container\" data-settings=\"{&quot;background_background&quot;:&quot;classic&quot;}\">\n\t\t\t\t\t<div class=\"e-con-inner\">\n\t\t\t\t<div class=\"elementor-element elementor-element-4c1a4e8 elementor-widget elementor-widget-heading\" data-id=\"4c1a4e8\" data-element_type=\"widget\" data-e-type=\"widget\" data-widget_type=\"heading.default\">\n\t\t\t\t\t<h1 class=\"elementor-heading-title elementor-size-default\">Tutorials<\/h1>\t\t\t\t<\/div>\n\t\t\t\t<div class=\"elementor-element elementor-element-5e7c23e elementor-widget elementor-widget-text-editor\" data-id=\"5e7c23e\" data-element_type=\"widget\" data-e-type=\"widget\" data-widget_type=\"text-editor.default\">\n\t\t\t\t\t\t\t\t\t<p>Tananyagok minden szintre \u2014 a kezd\u0151kt\u0151l a tudatos befektet\u0151kig. Saj\u00e1t temp\u00f3ban tanulhat, b\u00e1rmikor visszat\u00e9rhet a tartalmakhoz, \u00e9s ha sz\u00fcks\u00e9ge van r\u00e1, a megv\u00e1s\u00e1rolt anyagokhoz konzult\u00e1ci\u00f3 is k\u00e9rhet\u0151.<\/p>\t\t\t\t\t\t\t\t<\/div>\n\t\t\t\t\t<\/div>\n\t\t\t\t<\/div>\n\t\t<div class=\"elementor-element elementor-element-89b420f e-flex e-con-boxed e-con e-parent\" data-id=\"89b420f\" data-element_type=\"container\" data-e-type=\"container\">\n\t\t\t\t\t<div class=\"e-con-inner\">\n\t\t<div class=\"elementor-element elementor-element-4ff769d e-flex e-con-full e-con e-child\" data-id=\"4ff769d\" data-element_type=\"container\" data-e-type=\"container\">\n\t\t\t\t<div class=\"elementor-element elementor-element-6f4de15 elementor-widget elementor-widget-heading\" data-id=\"6f4de15\" data-element_type=\"widget\" data-e-type=\"widget\" data-widget_type=\"heading.default\">\n\t\t\t\t\t<h2 class=\"elementor-heading-title elementor-size-default\">01<\/h2>\t\t\t\t<\/div>\n\t\t<div class=\"elementor-element elementor-element-c9ed084 e-flex e-con-full e-con e-child\" data-id=\"c9ed084\" data-element_type=\"container\" data-e-type=\"container\">\n\t\t\t\t<div class=\"elementor-element elementor-element-42b9986 elementor-widget elementor-widget-heading\" data-id=\"42b9986\" data-element_type=\"widget\" data-e-type=\"widget\" data-widget_type=\"heading.default\">\n\t\t\t\t\t<h3 class=\"elementor-heading-title elementor-size-default\">Bevezet\u00e9s a t\u0151zsd\u00e9z\u00e9sbe<\/h3>\t\t\t\t<\/div>\n\t\t\t\t<div class=\"elementor-element elementor-element-c63ed78 elementor-widget elementor-widget-text-editor\" data-id=\"c63ed78\" data-element_type=\"widget\" data-e-type=\"widget\" data-widget_type=\"text-editor.default\">\n\t\t\t\t\t\t\t\t\t<p>Kezd\u0151 szint\u0171 kurzus, amely l\u00e9p\u00e9sr\u0151l l\u00e9p\u00e9sre vezet a t\u0151zsd\u00e9z\u00e9s alapjaiba \u2014 terminol\u00f3gia, sorrend, alapvet\u0151 d\u00f6nt\u00e9shozatali k\u00e9rd\u00e9sek.<\/p>\t\t\t\t\t\t\t\t<\/div>\n\t\t\t\t<\/div>\n\t\t\t\t<\/div>\n\t\t<div class=\"elementor-element elementor-element-380754c e-flex e-con-full e-con e-child\" data-id=\"380754c\" data-element_type=\"container\" data-e-type=\"container\">\n\t\t\t\t<div class=\"elementor-element elementor-element-10bde2d elementor-widget elementor-widget-heading\" data-id=\"10bde2d\" data-element_type=\"widget\" data-e-type=\"widget\" data-widget_type=\"heading.default\">\n\t\t\t\t\t<h2 class=\"elementor-heading-title elementor-size-default\">02<\/h2>\t\t\t\t<\/div>\n\t\t<div class=\"elementor-element elementor-element-b7e978b e-flex e-con-full e-con e-child\" data-id=\"b7e978b\" data-element_type=\"container\" data-e-type=\"container\">\n\t\t\t\t<div class=\"elementor-element elementor-element-ce70f86 elementor-widget elementor-widget-heading\" data-id=\"ce70f86\" data-element_type=\"widget\" data-e-type=\"widget\" data-widget_type=\"heading.default\">\n\t\t\t\t\t<h3 class=\"elementor-heading-title elementor-size-default\">R\u00e9szv\u00e9nyelemz\u00e9s alapjai<\/h3>\t\t\t\t<\/div>\n\t\t\t\t<div class=\"elementor-element elementor-element-77fabfd elementor-widget elementor-widget-text-editor\" data-id=\"77fabfd\" data-element_type=\"widget\" data-e-type=\"widget\" data-widget_type=\"text-editor.default\">\n\t\t\t\t\t\t\t\t\t<p>Hogyan \u00e9rtelmezz\u00fck a v\u00e1llalati jelent\u00e9seket \u00e9s \u00e9rt\u00e9kelj\u00fck a r\u00e9szv\u00e9nyeket \u2014 mutat\u00f3sz\u00e1mok, m\u00f3dszerek, gyakorlati p\u00e9ld\u00e1k.<\/p>\t\t\t\t\t\t\t\t<\/div>\n\t\t\t\t<\/div>\n\t\t\t\t<\/div>\n\t\t<div class=\"elementor-element elementor-element-104ec29 e-flex e-con-full e-con e-child\" data-id=\"104ec29\" data-element_type=\"container\" data-e-type=\"container\">\n\t\t\t\t<div class=\"elementor-element elementor-element-f578fd7 elementor-widget elementor-widget-heading\" data-id=\"f578fd7\" data-element_type=\"widget\" data-e-type=\"widget\" data-widget_type=\"heading.default\">\n\t\t\t\t\t<h2 class=\"elementor-heading-title elementor-size-default\">03<\/h2>\t\t\t\t<\/div>\n\t\t<div class=\"elementor-element elementor-element-d67c488 e-flex e-con-full e-con e-child\" data-id=\"d67c488\" data-element_type=\"container\" data-e-type=\"container\">\n\t\t\t\t<div class=\"elementor-element elementor-element-c63f4c8 elementor-widget elementor-widget-heading\" data-id=\"c63f4c8\" data-element_type=\"widget\" data-e-type=\"widget\" data-widget_type=\"heading.default\">\n\t\t\t\t\t<h3 class=\"elementor-heading-title elementor-size-default\">Makrogazdas\u00e1gi szeml\u00e9let<\/h3>\t\t\t\t<\/div>\n\t\t\t\t<div class=\"elementor-element elementor-element-5ef617c elementor-widget elementor-widget-text-editor\" data-id=\"5ef617c\" data-element_type=\"widget\" data-e-type=\"widget\" data-widget_type=\"text-editor.default\">\n\t\t\t\t\t\t\t\t\t<p>A glob\u00e1lis gazdas\u00e1gi folyamatok meg\u00e9rt\u00e9se a befektet\u00e9si d\u00f6nt\u00e9sekhez \u2014 kamat, infl\u00e1ci\u00f3, devizapiac, ciklusok.<\/p>\t\t\t\t\t\t\t\t<\/div>\n\t\t\t\t<\/div>\n\t\t\t\t<\/div>\n\t\t<div class=\"elementor-element elementor-element-37096d2 e-flex e-con-full e-con e-child\" data-id=\"37096d2\" data-element_type=\"container\" data-e-type=\"container\">\n\t\t\t\t<div class=\"elementor-element elementor-element-5db1994 elementor-widget elementor-widget-heading\" data-id=\"5db1994\" data-element_type=\"widget\" data-e-type=\"widget\" data-widget_type=\"heading.default\">\n\t\t\t\t\t<h2 class=\"elementor-heading-title elementor-size-default\">04<\/h2>\t\t\t\t<\/div>\n\t\t<div class=\"elementor-element elementor-element-1c30895 e-flex e-con-full e-con e-child\" data-id=\"1c30895\" data-element_type=\"container\" data-e-type=\"container\">\n\t\t\t\t<div class=\"elementor-element elementor-element-d5e93e9 elementor-widget elementor-widget-heading\" data-id=\"d5e93e9\" data-element_type=\"widget\" data-e-type=\"widget\" data-widget_type=\"heading.default\">\n\t\t\t\t\t<h3 class=\"elementor-heading-title elementor-size-default\">P\u00e9nz\u00fcgyi tervez\u0151 sablonok<\/h3>\t\t\t\t<\/div>\n\t\t\t\t<div class=\"elementor-element elementor-element-e0a7dde elementor-widget elementor-widget-text-editor\" data-id=\"e0a7dde\" data-element_type=\"widget\" data-e-type=\"widget\" data-widget_type=\"text-editor.default\">\n\t\t\t\t\t\t\t\t\t<p>Let\u00f6lthet\u0151 Excel \u00e9s PDF sablonok szem\u00e9lyi \u00e9s v\u00e1llalati p\u00e9nz\u00fcgyekhez \u2014 bev\u00e9tel-kiad\u00e1s k\u00f6vet\u00e9s, megtakar\u00edt\u00e1s, portf\u00f3li\u00f3.<\/p>\t\t\t\t\t\t\t\t<\/div>\n\t\t\t\t<\/div>\n\t\t\t\t<\/div>\n\t\t\t\t\t<\/div>\n\t\t\t\t<\/div>\n\t\t<div class=\"elementor-element elementor-element-0d5532a e-flex e-con-boxed e-con e-parent\" data-id=\"0d5532a\" data-element_type=\"container\" data-e-type=\"container\" data-settings=\"{&quot;background_background&quot;:&quot;classic&quot;}\">\n\t\t\t\t\t<div class=\"e-con-inner\">\n\t\t\t\t<div class=\"elementor-element elementor-element-f178e31 elementor-widget elementor-widget-heading\" data-id=\"f178e31\" data-element_type=\"widget\" data-e-type=\"widget\" data-widget_type=\"heading.default\">\n\t\t\t\t\t<h2 class=\"elementor-heading-title elementor-size-default\">Egyedi tananyagra van sz\u00fcks\u00e9ge?<\/h2>\t\t\t\t<\/div>\n\t\t\t\t<div class=\"elementor-element elementor-element-36a3efb elementor-widget elementor-widget-text-editor\" data-id=\"36a3efb\" data-element_type=\"widget\" data-e-type=\"widget\" data-widget_type=\"text-editor.default\">\n\t\t\t\t\t\t\t\t\t<p style=\"text-align:center;\">C\u00e9geknek \u00e9s csapatoknak testreszabott p\u00e9nz\u00fcgyi tr\u00e9ningeket is tartok \u2014 keressen bizalommal.<\/p>\t\t\t\t\t\t\t\t<\/div>\n\t\t\t\t<div class=\"elementor-element elementor-element-f8958b3 elementor-align-center elementor-widget elementor-widget-button\" data-id=\"f8958b3\" data-element_type=\"widget\" data-e-type=\"widget\" data-widget_type=\"button.default\">\n\t\t\t\t\t\t\t\t\t\t<a class=\"elementor-button elementor-button-link elementor-size-sm\" href=\"https:\/\/cphcapital.hu\/en\/contact-us\/\">\n\t\t\t\t\t\t<span class=\"elementor-button-content-wrapper\">\n\t\t\t\t\t\t\t\t\t<span class=\"elementor-button-text\">Contact Us<\/span>\n\t\t\t\t\t<\/span>\n\t\t\t\t\t<\/a>\n\t\t\t\t\t\t\t\t<\/div>\n\t\t\t\t\t<\/div>\n\t\t\t\t<\/div>\n\t\t\t\t<\/div>","protected":false},"excerpt":{"rendered":"<p>Oktat\u00f3anyagok Tananyagok minden szintre \u2014 a kezd\u0151kt\u0151l a tudatos befektet\u0151kig. Saj\u00e1t temp\u00f3ban tanulhat, b\u00e1rmikor visszat\u00e9rhet a tartalmakhoz, \u00e9s ha sz\u00fcks\u00e9ge van r\u00e1, a megv\u00e1s\u00e1rolt anyagokhoz konzult\u00e1ci\u00f3 is k\u00e9rhet\u0151. 01 Bevezet\u00e9s a t\u0151zsd\u00e9z\u00e9sbe Kezd\u0151 szint\u0171 kurzus, amely l\u00e9p\u00e9sr\u0151l l\u00e9p\u00e9sre vezet a t\u0151zsd\u00e9z\u00e9s alapjaiba \u2014 terminol\u00f3gia, sorrend, alapvet\u0151 d\u00f6nt\u00e9shozatali k\u00e9rd\u00e9sek. 02 R\u00e9szv\u00e9nyelemz\u00e9s alapjai Hogyan \u00e9rtelmezz\u00fck a v\u00e1llalati [&hellip;]<\/p>\n","protected":false},"author":7,"featured_media":0,"parent":0,"menu_order":0,"comment_status":"closed","ping_status":"closed","template":"elementor_header_footer","meta":{"footnotes":""},"class_list":["post-403","page","type-page","status-publish","hentry"],"_links":{"self":[{"href":"https:\/\/cphcapital.hu\/en\/wp-json\/wp\/v2\/pages\/403","targetHints":{"allow":["GET"]}}],"collection":[{"href":"https:\/\/cphcapital.hu\/en\/wp-json\/wp\/v2\/pages"}],"about":[{"href":"https:\/\/cphcapital.hu\/en\/wp-json\/wp\/v2\/types\/page"}],"author":[{"embeddable":true,"href":"https:\/\/cphcapital.hu\/en\/wp-json\/wp\/v2\/users\/7"}],"replies":[{"embeddable":true,"href":"https:\/\/cphcapital.hu\/en\/wp-json\/wp\/v2\/comments?post=403"}],"version-history":[{"count":78,"href":"https:\/\/cphcapital.hu\/en\/wp-json\/wp\/v2\/pages\/403\/revisions"}],"predecessor-version":[{"id":2014,"href":"https:\/\/cphcapital.hu\/en\/wp-json\/wp\/v2\/pages\/403\/revisions\/2014"}],"wp:attachment":[{"href":"https:\/\/cphcapital.hu\/en\/wp-json\/wp\/v2\/media?parent=403"}],"curies":[{"name":"wp","href":"https:\/\/api.w.org\/{rel}","templated":true}]}}