{"id":406,"date":"2026-05-07T16:35:16","date_gmt":"2026-05-07T14:35:16","guid":{"rendered":"https:\/\/cphcapital.hu\/?page_id=406"},"modified":"2026-05-15T10:30:19","modified_gmt":"2026-05-15T08:30:19","slug":"webshop","status":"publish","type":"page","link":"https:\/\/cphcapital.hu\/en\/webshop\/","title":{"rendered":"Online store"},"content":{"rendered":"<div data-elementor-type=\"wp-page\" data-elementor-id=\"406\" class=\"elementor elementor-406\" data-elementor-post-type=\"page\">\n\t\t\t\t<div class=\"elementor-element elementor-element-19e1c44 e-flex e-con-boxed e-con e-parent\" data-id=\"19e1c44\" data-element_type=\"container\" data-e-type=\"container\" data-settings=\"{&quot;background_background&quot;:&quot;classic&quot;}\">\n\t\t\t\t\t<div class=\"e-con-inner\">\n\t\t\t\t<div class=\"elementor-element elementor-element-5b2d5aa elementor-widget elementor-widget-heading\" data-id=\"5b2d5aa\" data-element_type=\"widget\" data-e-type=\"widget\" data-widget_type=\"heading.default\">\n\t\t\t\t\t<h1 class=\"elementor-heading-title elementor-size-default\">Online store<\/h1>\t\t\t\t<\/div>\n\t\t\t\t<div class=\"elementor-element elementor-element-7e3c0a9 elementor-widget elementor-widget-text-editor\" data-id=\"7e3c0a9\" data-element_type=\"widget\" data-e-type=\"widget\" data-widget_type=\"text-editor.default\">\n\t\t\t\t\t\t\t\t\t<p>Digit\u00e1lis oktat\u00f3anyagok, let\u00f6lthet\u0151 p\u00e9nz\u00fcgyi sablonok \u00e9s szem\u00e9lyre szabhat\u00f3 csomagok \u2014 egy helyen, biztons\u00e1gos v\u00e1s\u00e1rl\u00e1ssal. Az \u00e1ruh\u00e1z hamarosan nyit a WooCommerce-en kereszt\u00fcl; addig az al\u00e1bbi term\u00e9kek lesznek els\u0151k\u00e9nt el\u00e9rhet\u0151ek.<\/p>\t\t\t\t\t\t\t\t<\/div>\n\t\t\t\t\t<\/div>\n\t\t\t\t<\/div>\n\t\t<div class=\"elementor-element elementor-element-55caf74 e-grid e-con-boxed e-con e-parent\" data-id=\"55caf74\" data-element_type=\"container\" data-e-type=\"container\">\n\t\t\t\t\t<div class=\"e-con-inner\">\n\t\t\t\t<div class=\"elementor-element elementor-element-e17de9d elementor-cta--skin-classic elementor-animated-content elementor-bg-transform elementor-bg-transform-zoom-in elementor-widget elementor-widget-call-to-action\" data-id=\"e17de9d\" data-element_type=\"widget\" data-e-type=\"widget\" data-widget_type=\"call-to-action.default\">\n\t\t\t\t\t\t\t<div class=\"elementor-cta\">\n\t\t\t\t\t<div class=\"elementor-cta__bg-wrapper\">\n\t\t\t\t<div class=\"elementor-cta__bg elementor-bg\" style=\"background-image: url(https:\/\/cphcapital.hu\/wp-content\/plugins\/elementor\/assets\/images\/placeholder.png);\" role=\"img\" aria-label=\"\"><\/div>\n\t\t\t\t<div class=\"elementor-cta__bg-overlay\"><\/div>\n\t\t\t<\/div>\n\t\t\t\t\t\t\t<div class=\"elementor-cta__content\">\n\t\t\t\t\n\t\t\t\t\t\t\t\t\t<h3 class=\"elementor-cta__title elementor-cta__content-item elementor-content-item\">\n\t\t\t\t\t\tT\u0151zsdei kezd\u0151csomag\t\t\t\t\t<\/h3>\n\t\t\t\t\n\t\t\t\t\t\t\t\t\t<div class=\"elementor-cta__description elementor-cta__content-item elementor-content-item\">\n\t\t\t\t\t\tVide\u00f3s kurzus, munkaf\u00fczet \u00e9s h\u00e1rom h\u00f3nap havi piaci \u00f6sszefoglal\u00f3 \u2014 mindenkinek, aki most ismerkedik a t\u0151zsd\u00e9vel.\t\t\t\t\t<\/div>\n\t\t\t\t\n\t\t\t\t\t\t\t\t\t<div class=\"elementor-cta__button-wrapper elementor-cta__content-item elementor-content-item\">\n\t\t\t\t\t<a class=\"elementor-cta__button elementor-button elementor-size-\" href=\"https:\/\/cphcapital.hu\/en\/contact-us\/\">\n\t\t\t\t\t\tR\u00e9szletek\t\t\t\t\t<\/a>\n\t\t\t\t\t<\/div>\n\t\t\t\t\t\t\t<\/div>\n\t\t\t\t\t\t<\/div>\n\t\t\t\t\t\t<\/div>\n\t\t\t\t<div class=\"elementor-element elementor-element-24ee927 elementor-cta--skin-classic elementor-animated-content elementor-bg-transform elementor-bg-transform-zoom-in elementor-widget elementor-widget-call-to-action\" data-id=\"24ee927\" data-element_type=\"widget\" data-e-type=\"widget\" data-widget_type=\"call-to-action.default\">\n\t\t\t\t\t\t\t<div class=\"elementor-cta\">\n\t\t\t\t\t<div class=\"elementor-cta__bg-wrapper\">\n\t\t\t\t<div class=\"elementor-cta__bg elementor-bg\" style=\"background-image: url(https:\/\/cphcapital.hu\/wp-content\/plugins\/elementor\/assets\/images\/placeholder.png);\" role=\"img\" aria-label=\"\"><\/div>\n\t\t\t\t<div class=\"elementor-cta__bg-overlay\"><\/div>\n\t\t\t<\/div>\n\t\t\t\t\t\t\t<div class=\"elementor-cta__content\">\n\t\t\t\t\n\t\t\t\t\t\t\t\t\t<h3 class=\"elementor-cta__title elementor-cta__content-item elementor-content-item\">\n\t\t\t\t\t\tR\u00e9szv\u00e9nyelemz\u00e9s csomag\t\t\t\t\t<\/h3>\n\t\t\t\t\n\t\t\t\t\t\t\t\t\t<div class=\"elementor-cta__description elementor-cta__content-item elementor-content-item\">\n\t\t\t\t\t\tLet\u00f6lthet\u0151 Excel sablonok, m\u00f3dszertan \u00e9s p\u00e9ldaelemz\u00e9sek magyar \u00e9s nemzetk\u00f6zi r\u00e9szv\u00e9nyekhez \u00e9s <br>minden m\u00e1shoz is\t\t\t\t\t<\/div>\n\t\t\t\t\n\t\t\t\t\t\t\t\t\t<div class=\"elementor-cta__button-wrapper elementor-cta__content-item elementor-content-item\">\n\t\t\t\t\t<a class=\"elementor-cta__button elementor-button elementor-size-\" href=\"https:\/\/cphcapital.hu\/en\/contact-us\/\">\n\t\t\t\t\t\tR\u00e9szletek\t\t\t\t\t<\/a>\n\t\t\t\t\t<\/div>\n\t\t\t\t\t\t\t<\/div>\n\t\t\t\t\t\t<\/div>\n\t\t\t\t\t\t<\/div>\n\t\t\t\t<div class=\"elementor-element elementor-element-09ca258 elementor-cta--skin-classic elementor-animated-content elementor-bg-transform elementor-bg-transform-zoom-in elementor-widget elementor-widget-call-to-action\" data-id=\"09ca258\" data-element_type=\"widget\" data-e-type=\"widget\" data-widget_type=\"call-to-action.default\">\n\t\t\t\t\t\t\t<div class=\"elementor-cta\">\n\t\t\t\t\t<div class=\"elementor-cta__bg-wrapper\">\n\t\t\t\t<div class=\"elementor-cta__bg elementor-bg\" style=\"background-image: url(https:\/\/cphcapital.hu\/wp-content\/plugins\/elementor\/assets\/images\/placeholder.png);\" role=\"img\" aria-label=\"\"><\/div>\n\t\t\t\t<div class=\"elementor-cta__bg-overlay\"><\/div>\n\t\t\t<\/div>\n\t\t\t\t\t\t\t<div class=\"elementor-cta__content\">\n\t\t\t\t\n\t\t\t\t\t\t\t\t\t<h3 class=\"elementor-cta__title elementor-cta__content-item elementor-content-item\">\n\t\t\t\t\t\tP\u00e9nz\u00fcgyi tervez\u0151 sablonok\t\t\t\t\t<\/h3>\n\t\t\t\t\n\t\t\t\t\t\t\t\t\t<div class=\"elementor-cta__description elementor-cta__content-item elementor-content-item\">\n\t\t\t\t\t\tH\u00e1ztart\u00e1si \u00e9s v\u00e1llalati p\u00e9nz\u00fcgyi sablonok \u2014 bev\u00e9tel-kiad\u00e1s k\u00f6vet\u00e9s, megtakar\u00edt\u00e1s, portf\u00f3li\u00f3.\t\t\t\t\t<\/div>\n\t\t\t\t\n\t\t\t\t\t\t\t\t\t<div class=\"elementor-cta__button-wrapper elementor-cta__content-item elementor-content-item\">\n\t\t\t\t\t<a class=\"elementor-cta__button elementor-button elementor-size-\" href=\"https:\/\/cphcapital.hu\/en\/contact-us\/\">\n\t\t\t\t\t\tR\u00e9szletek\t\t\t\t\t<\/a>\n\t\t\t\t\t<\/div>\n\t\t\t\t\t\t\t<\/div>\n\t\t\t\t\t\t<\/div>\n\t\t\t\t\t\t<\/div>\n\t\t\t\t<div class=\"elementor-element elementor-element-ee3a0cd elementor-cta--skin-classic elementor-animated-content elementor-bg-transform elementor-bg-transform-zoom-in elementor-widget elementor-widget-call-to-action\" data-id=\"ee3a0cd\" data-element_type=\"widget\" data-e-type=\"widget\" data-widget_type=\"call-to-action.default\">\n\t\t\t\t\t\t\t<div class=\"elementor-cta\">\n\t\t\t\t\t<div class=\"elementor-cta__bg-wrapper\">\n\t\t\t\t<div class=\"elementor-cta__bg elementor-bg\" style=\"background-image: url(https:\/\/cphcapital.hu\/wp-content\/plugins\/elementor\/assets\/images\/placeholder.png);\" role=\"img\" aria-label=\"\"><\/div>\n\t\t\t\t<div class=\"elementor-cta__bg-overlay\"><\/div>\n\t\t\t<\/div>\n\t\t\t\t\t\t\t<div class=\"elementor-cta__content\">\n\t\t\t\t\n\t\t\t\t\t\t\t\t\t<h3 class=\"elementor-cta__title elementor-cta__content-item elementor-content-item\">\n\t\t\t\t\t\tKonzult\u00e1ci\u00f3s csomag\t\t\t\t\t<\/h3>\n\t\t\t\t\n\t\t\t\t\t\t\t\t\t<div class=\"elementor-cta__description elementor-cta__content-item elementor-content-item\">\n\t\t\t\t\t\tEgy\u00e9ni online konzult\u00e1ci\u00f3 id\u0151kerete \u2014 befektet\u00e9si tervhez, portf\u00f3li\u00f3\u00e1tn\u00e9z\u00e9shez vagy ad\u00f3z\u00e1si k\u00e9rd\u00e9sekhez.\t\t\t\t\t<\/div>\n\t\t\t\t\n\t\t\t\t\t\t\t\t\t<div class=\"elementor-cta__button-wrapper elementor-cta__content-item elementor-content-item\">\n\t\t\t\t\t<a class=\"elementor-cta__button elementor-button elementor-size-\" href=\"https:\/\/cphcapital.hu\/en\/contact-us\/\">\n\t\t\t\t\t\tR\u00e9szletek\t\t\t\t\t<\/a>\n\t\t\t\t\t<\/div>\n\t\t\t\t\t\t\t<\/div>\n\t\t\t\t\t\t<\/div>\n\t\t\t\t\t\t<\/div>\n\t\t\t\t\t<\/div>\n\t\t\t\t<\/div>\n\t\t<div class=\"elementor-element elementor-element-4228df6 e-flex e-con-boxed e-con e-parent\" data-id=\"4228df6\" data-element_type=\"container\" data-e-type=\"container\" data-settings=\"{&quot;background_background&quot;:&quot;classic&quot;}\">\n\t\t\t\t\t<div class=\"e-con-inner\">\n\t\t\t\t<div class=\"elementor-element elementor-element-da5d85b elementor-widget elementor-widget-heading\" data-id=\"da5d85b\" data-element_type=\"widget\" data-e-type=\"widget\" data-widget_type=\"heading.default\">\n\t\t\t\t\t<h2 class=\"elementor-heading-title elementor-size-default\">\u00c9rtes\u00fclj\u00f6n els\u0151k\u00e9nt a nyit\u00e1sr\u00f3l<\/h2>\t\t\t\t<\/div>\n\t\t\t\t<div class=\"elementor-element elementor-element-0509598 elementor-widget elementor-widget-text-editor\" data-id=\"0509598\" data-element_type=\"widget\" data-e-type=\"widget\" data-widget_type=\"text-editor.default\">\n\t\t\t\t\t\t\t\t\t<p style=\"text-align:center;\">Vegye fel a kapcsolatot \u00e9s \u00e9rtes\u00edtj\u00fck, amikor az \u00e1ruh\u00e1z \u00e9lesedik. Egyedi csomagokra is van lehet\u0151s\u00e9g.<\/p>\t\t\t\t\t\t\t\t<\/div>\n\t\t\t\t<div class=\"elementor-element elementor-element-cc69db0 elementor-align-center elementor-widget elementor-widget-button\" data-id=\"cc69db0\" data-element_type=\"widget\" data-e-type=\"widget\" data-widget_type=\"button.default\">\n\t\t\t\t\t\t\t\t\t\t<a class=\"elementor-button elementor-button-link elementor-size-sm\" href=\"https:\/\/cphcapital.hu\/en\/contact-us\/\">\n\t\t\t\t\t\t<span class=\"elementor-button-content-wrapper\">\n\t\t\t\t\t\t\t\t\t<span class=\"elementor-button-text\">Contact Us<\/span>\n\t\t\t\t\t<\/span>\n\t\t\t\t\t<\/a>\n\t\t\t\t\t\t\t\t<\/div>\n\t\t\t\t\t<\/div>\n\t\t\t\t<\/div>\n\t\t\t\t<\/div>","protected":false},"excerpt":{"rendered":"<p>Webshop Digit\u00e1lis oktat\u00f3anyagok, let\u00f6lthet\u0151 p\u00e9nz\u00fcgyi sablonok \u00e9s szem\u00e9lyre szabhat\u00f3 csomagok \u2014 egy helyen, biztons\u00e1gos v\u00e1s\u00e1rl\u00e1ssal. Az \u00e1ruh\u00e1z hamarosan nyit a WooCommerce-en kereszt\u00fcl; addig az al\u00e1bbi term\u00e9kek lesznek els\u0151k\u00e9nt el\u00e9rhet\u0151ek. T\u0151zsdei kezd\u0151csomag Vide\u00f3s kurzus, munkaf\u00fczet \u00e9s h\u00e1rom h\u00f3nap havi piaci \u00f6sszefoglal\u00f3 \u2014 mindenkinek, aki most ismerkedik a t\u0151zsd\u00e9vel. R\u00e9szletek R\u00e9szv\u00e9nyelemz\u00e9s csomag Let\u00f6lthet\u0151 Excel sablonok, m\u00f3dszertan \u00e9s [&hellip;]<\/p>\n","protected":false},"author":7,"featured_media":0,"parent":0,"menu_order":0,"comment_status":"closed","ping_status":"closed","template":"elementor_header_footer","meta":{"footnotes":""},"class_list":["post-406","page","type-page","status-publish","hentry"],"_links":{"self":[{"href":"https:\/\/cphcapital.hu\/en\/wp-json\/wp\/v2\/pages\/406","targetHints":{"allow":["GET"]}}],"collection":[{"href":"https:\/\/cphcapital.hu\/en\/wp-json\/wp\/v2\/pages"}],"about":[{"href":"https:\/\/cphcapital.hu\/en\/wp-json\/wp\/v2\/types\/page"}],"author":[{"embeddable":true,"href":"https:\/\/cphcapital.hu\/en\/wp-json\/wp\/v2\/users\/7"}],"replies":[{"embeddable":true,"href":"https:\/\/cphcapital.hu\/en\/wp-json\/wp\/v2\/comments?post=406"}],"version-history":[{"count":94,"href":"https:\/\/cphcapital.hu\/en\/wp-json\/wp\/v2\/pages\/406\/revisions"}],"predecessor-version":[{"id":2335,"href":"https:\/\/cphcapital.hu\/en\/wp-json\/wp\/v2\/pages\/406\/revisions\/2335"}],"wp:attachment":[{"href":"https:\/\/cphcapital.hu\/en\/wp-json\/wp\/v2\/media?parent=406"}],"curies":[{"name":"wp","href":"https:\/\/api.w.org\/{rel}","templated":true}]}}