{"id":409,"date":"2026-05-07T16:35:19","date_gmt":"2026-05-07T14:35:19","guid":{"rendered":"https:\/\/cphcapital.hu\/?page_id=409"},"modified":"2026-05-15T10:30:13","modified_gmt":"2026-05-15T08:30:13","slug":"blog-piaci-hirek","status":"publish","type":"page","link":"https:\/\/cphcapital.hu\/en\/blog-piaci-hirek\/","title":{"rendered":"Blog"},"content":{"rendered":"<div data-elementor-type=\"wp-page\" data-elementor-id=\"409\" class=\"elementor elementor-409\" data-elementor-post-type=\"page\">\n\t\t\t\t<div class=\"elementor-element elementor-element-a62ce7a e-flex e-con-boxed e-con e-parent\" data-id=\"a62ce7a\" data-element_type=\"container\" data-e-type=\"container\" data-settings=\"{&quot;background_background&quot;:&quot;classic&quot;}\">\n\t\t\t\t\t<div class=\"e-con-inner\">\n\t\t\t\t<div class=\"elementor-element elementor-element-c15fb2c elementor-widget elementor-widget-heading\" data-id=\"c15fb2c\" data-element_type=\"widget\" data-e-type=\"widget\" data-widget_type=\"heading.default\">\n\t\t\t\t\t<h1 class=\"elementor-heading-title elementor-size-default\">Piaci h\u00edrek \u00e9s elemz\u00e9sek<\/h1>\t\t\t\t<\/div>\n\t\t\t\t<div class=\"elementor-element elementor-element-002b067 elementor-widget elementor-widget-text-editor\" data-id=\"002b067\" data-element_type=\"widget\" data-e-type=\"widget\" data-widget_type=\"text-editor.default\">\n\t\t\t\t\t\t\t\t\t<p>Heti piaci \u00e1ttekint\u00e9s, makro- \u00e9s r\u00e9szv\u00e9nyelemz\u00e9sek, valamint befektet\u00e9si szeml\u00e9letform\u00e1l\u00f3 \u00edr\u00e1sok \u2014 \u00e9rthet\u0151en, tartalom-alapon, t\u00falt\u00f6lt\u00f6tts\u00e9g n\u00e9lk\u00fcl.<\/p>\t\t\t\t\t\t\t\t<\/div>\n\t\t\t\t\t<\/div>\n\t\t\t\t<\/div>\n\t\t<div class=\"elementor-element elementor-element-c88eb59 e-flex e-con-boxed e-con e-parent\" data-id=\"c88eb59\" data-element_type=\"container\" data-e-type=\"container\">\n\t\t\t\t\t<div class=\"e-con-inner\">\n\t\t\t\t<div class=\"elementor-element elementor-element-6ac977a elementor-grid-1 elementor-grid-tablet-2 elementor-grid-mobile-1 elementor-posts--thumbnail-top elementor-widget elementor-widget-posts\" data-id=\"6ac977a\" data-element_type=\"widget\" data-e-type=\"widget\" data-settings=\"{&quot;classic_columns&quot;:&quot;1&quot;,&quot;pagination_type&quot;:&quot;numbers_and_prev_next&quot;,&quot;classic_columns_tablet&quot;:&quot;2&quot;,&quot;classic_columns_mobile&quot;:&quot;1&quot;,&quot;classic_row_gap&quot;:{&quot;unit&quot;:&quot;px&quot;,&quot;size&quot;:35,&quot;sizes&quot;:[]},&quot;classic_row_gap_tablet&quot;:{&quot;unit&quot;:&quot;px&quot;,&quot;size&quot;:&quot;&quot;,&quot;sizes&quot;:[]},&quot;classic_row_gap_mobile&quot;:{&quot;unit&quot;:&quot;px&quot;,&quot;size&quot;:&quot;&quot;,&quot;sizes&quot;:[]}}\" data-widget_type=\"posts.classic\">\n\t\t\t\t<div class=\"elementor-widget-container\">\n\t\t\t\t\t\t\t<div class=\"elementor-posts-container elementor-posts elementor-posts--skin-classic elementor-grid\" role=\"list\">\n\t\t\t\t<article class=\"elementor-post elementor-grid-item post-472 post type-post status-publish format-standard hentry category-deviza\" role=\"listitem\">\n\t\t\t\t<div class=\"elementor-post__text\">\n\t\t\t\t<h3 class=\"elementor-post__title\">\n\t\t\t<a href=\"https:\/\/cphcapital.hu\/en\/forint-euro-dollar-devizapiaci-helyzetkep-es-kilatasok\/\" >\n\t\t\t\tForint, eur\u00f3, doll\u00e1r: devizapiaci helyzetk\u00e9p \u00e9s kil\u00e1t\u00e1sok\t\t\t<\/a>\n\t\t<\/h3>\n\t\t\t\t<div class=\"elementor-post__meta-data\">\n\t\t\t\t\t<span class=\"elementor-post-date\">\n\t\t\t2026.05.08.\t\t<\/span>\n\t\t\t\t<span class=\"elementor-post-avatar\">\n\t\t\tNo Comments\t\t<\/span>\n\t\t\t\t<\/div>\n\t\t\t\t<div class=\"elementor-post__excerpt\">\n\t\t\t<p>Devizapiaci \u00e1ttekint\u00e9s: EUR\/HUF, USD\/HUF \u00e9s EUR\/USD elemz\u00e9s. Mit jelent a forint \u00e1rfolyamv\u00e1ltoz\u00e1sa a hazai befektet\u0151k sz\u00e1m\u00e1ra?<\/p>\n\t\t<\/div>\n\t\t\n\t\t<a class=\"elementor-post__read-more\" href=\"https:\/\/cphcapital.hu\/en\/forint-euro-dollar-devizapiaci-helyzetkep-es-kilatasok\/\" aria-label=\"Read more about Forint, eur\u00f3, doll\u00e1r: devizapiaci helyzetk\u00e9p \u00e9s kil\u00e1t\u00e1sok\" tabindex=\"-1\" >\n\t\t\tTov\u00e1bb olvasni \u2192\t\t<\/a>\n\n\t\t\t\t<\/div>\n\t\t\t\t<\/article>\n\t\t\t\t<article class=\"elementor-post elementor-grid-item post-469 post type-post status-publish format-standard hentry category-reszvenyek\" role=\"listitem\">\n\t\t\t\t<div class=\"elementor-post__text\">\n\t\t\t\t<h3 class=\"elementor-post__title\">\n\t\t\t<a href=\"https:\/\/cphcapital.hu\/en\/tozsdei-lehetosegek-2026-ban-szektorok-amelyekre-erdemes-figyelni\/\" >\n\t\t\t\tT\u0151zsdei lehet\u0151s\u00e9gek 2026-ban: szektorok, amelyekre \u00e9rdemes figyelni\t\t\t<\/a>\n\t\t<\/h3>\n\t\t\t\t<div class=\"elementor-post__meta-data\">\n\t\t\t\t\t<span class=\"elementor-post-date\">\n\t\t\t2026.05.08.\t\t<\/span>\n\t\t\t\t<span class=\"elementor-post-avatar\">\n\t\t\tNo Comments\t\t<\/span>\n\t\t\t\t<\/div>\n\t\t\t\t<div class=\"elementor-post__excerpt\">\n\t\t\t<p>R\u00e9szv\u00e9nypiaci szektorelemz\u00e9s: technol\u00f3gia, p\u00e9nz\u00fcgy, energia \u00e9s hazai blue chipek \u2013 hol vannak 2026-ban a legjobb hozam-kock\u00e1zat lehet\u0151s\u00e9gek.<\/p>\n\t\t<\/div>\n\t\t\n\t\t<a class=\"elementor-post__read-more\" href=\"https:\/\/cphcapital.hu\/en\/tozsdei-lehetosegek-2026-ban-szektorok-amelyekre-erdemes-figyelni\/\" aria-label=\"Read more about T\u0151zsdei lehet\u0151s\u00e9gek 2026-ban: szektorok, amelyekre \u00e9rdemes figyelni\" tabindex=\"-1\" >\n\t\t\tTov\u00e1bb olvasni \u2192\t\t<\/a>\n\n\t\t\t\t<\/div>\n\t\t\t\t<\/article>\n\t\t\t\t<article class=\"elementor-post elementor-grid-item post-466 post type-post status-publish format-standard hentry category-makro\" role=\"listitem\">\n\t\t\t\t<div class=\"elementor-post__text\">\n\t\t\t\t<h3 class=\"elementor-post__title\">\n\t\t\t<a href=\"https:\/\/cphcapital.hu\/en\/makrogazdasagi-kitekintes-mit-hozhat-2026-masodik-fele\/\" >\n\t\t\t\tMakrogazdas\u00e1gi kitekint\u00e9s: Mit hozhat 2026 m\u00e1sodik fele?\t\t\t<\/a>\n\t\t<\/h3>\n\t\t\t\t<div class=\"elementor-post__meta-data\">\n\t\t\t\t\t<span class=\"elementor-post-date\">\n\t\t\t2026.05.08.\t\t<\/span>\n\t\t\t\t<span class=\"elementor-post-avatar\">\n\t\t\tNo Comments\t\t<\/span>\n\t\t\t\t<\/div>\n\t\t\t\t<div class=\"elementor-post__excerpt\">\n\t\t\t<p>Hazai \u00e9s nemzetk\u00f6zi makrogazdas\u00e1gi \u00e1ttekint\u00e9s: kamatp\u00e1lya, infl\u00e1ci\u00f3, n\u00f6veked\u00e9s \u00e9s a befektet\u0151knek sz\u00f3l\u00f3 legfontosabb tanuls\u00e1gok 2026 m\u00e1sodik fel\u00e9re.<\/p>\n\t\t<\/div>\n\t\t\n\t\t<a class=\"elementor-post__read-more\" href=\"https:\/\/cphcapital.hu\/en\/makrogazdasagi-kitekintes-mit-hozhat-2026-masodik-fele\/\" aria-label=\"Read more about Makrogazdas\u00e1gi kitekint\u00e9s: Mit hozhat 2026 m\u00e1sodik fele?\" tabindex=\"-1\" >\n\t\t\tTov\u00e1bb olvasni \u2192\t\t<\/a>\n\n\t\t\t\t<\/div>\n\t\t\t\t<\/article>\n\t\t\t\t<\/div>\n\t\t\n\t\t\t\t\t\t<\/div>\n\t\t\t\t<\/div>\n\t\t\t\t\t<\/div>\n\t\t\t\t<\/div>\n\t\t<div class=\"elementor-element elementor-element-aebc485 e-flex e-con-boxed e-con e-parent\" data-id=\"aebc485\" data-element_type=\"container\" data-e-type=\"container\" data-settings=\"{&quot;background_background&quot;:&quot;classic&quot;}\">\n\t\t\t\t\t<div class=\"e-con-inner\">\n\t\t\t\t<div class=\"elementor-element elementor-element-ef96a33 elementor-widget elementor-widget-heading\" data-id=\"ef96a33\" data-element_type=\"widget\" data-e-type=\"widget\" data-widget_type=\"heading.default\">\n\t\t\t\t\t<h2 class=\"elementor-heading-title elementor-size-default\">Besz\u00e9lj\u00fcnk a tartalmakr\u00f3l<\/h2>\t\t\t\t<\/div>\n\t\t\t\t<div class=\"elementor-element elementor-element-57cd865 elementor-widget elementor-widget-text-editor\" data-id=\"57cd865\" data-element_type=\"widget\" data-e-type=\"widget\" data-widget_type=\"text-editor.default\">\n\t\t\t\t\t\t\t\t\t<p style=\"text-align:center;\">Van egy t\u00e9ma, amelyr\u0151l sz\u00edvesen olvasna? \u00dczenjen, \u00e9s sorra veszem a k\u00f6vetkez\u0151 cikkek list\u00e1j\u00e1n.<\/p>\t\t\t\t\t\t\t\t<\/div>\n\t\t\t\t<div class=\"elementor-element elementor-element-98c9fa1 elementor-align-center elementor-widget elementor-widget-button\" data-id=\"98c9fa1\" data-element_type=\"widget\" data-e-type=\"widget\" data-widget_type=\"button.default\">\n\t\t\t\t\t\t\t\t\t\t<a class=\"elementor-button elementor-button-link elementor-size-sm\" href=\"https:\/\/cphcapital.hu\/en\/contact-us\/\">\n\t\t\t\t\t\t<span class=\"elementor-button-content-wrapper\">\n\t\t\t\t\t\t\t\t\t<span class=\"elementor-button-text\">T\u00e9majavaslat k\u00fcld\u00e9se<\/span>\n\t\t\t\t\t<\/span>\n\t\t\t\t\t<\/a>\n\t\t\t\t\t\t\t\t<\/div>\n\t\t\t\t\t<\/div>\n\t\t\t\t<\/div>\n\t\t\t\t<\/div>","protected":false},"excerpt":{"rendered":"<p>Piaci h\u00edrek \u00e9s elemz\u00e9sek Heti piaci \u00e1ttekint\u00e9s, makro- \u00e9s r\u00e9szv\u00e9nyelemz\u00e9sek, valamint befektet\u00e9si szeml\u00e9letform\u00e1l\u00f3 \u00edr\u00e1sok \u2014 \u00e9rthet\u0151en, tartalom-alapon, t\u00falt\u00f6lt\u00f6tts\u00e9g n\u00e9lk\u00fcl. Besz\u00e9lj\u00fcnk a tartalmakr\u00f3l Van egy t\u00e9ma, amelyr\u0151l sz\u00edvesen olvasna? \u00dczenjen, \u00e9s sorra veszem a k\u00f6vetkez\u0151 cikkek list\u00e1j\u00e1n. T\u00e9majavaslat k\u00fcld\u00e9se<\/p>","protected":false},"author":7,"featured_media":0,"parent":0,"menu_order":0,"comment_status":"closed","ping_status":"closed","template":"elementor_header_footer","meta":{"footnotes":""},"class_list":["post-409","page","type-page","status-publish","hentry"],"_links":{"self":[{"href":"https:\/\/cphcapital.hu\/en\/wp-json\/wp\/v2\/pages\/409","targetHints":{"allow":["GET"]}}],"collection":[{"href":"https:\/\/cphcapital.hu\/en\/wp-json\/wp\/v2\/pages"}],"about":[{"href":"https:\/\/cphcapital.hu\/en\/wp-json\/wp\/v2\/types\/page"}],"author":[{"embeddable":true,"href":"https:\/\/cphcapital.hu\/en\/wp-json\/wp\/v2\/users\/7"}],"replies":[{"embeddable":true,"href":"https:\/\/cphcapital.hu\/en\/wp-json\/wp\/v2\/comments?post=409"}],"version-history":[{"count":72,"href":"https:\/\/cphcapital.hu\/en\/wp-json\/wp\/v2\/pages\/409\/revisions"}],"predecessor-version":[{"id":2401,"href":"https:\/\/cphcapital.hu\/en\/wp-json\/wp\/v2\/pages\/409\/revisions\/2401"}],"wp:attachment":[{"href":"https:\/\/cphcapital.hu\/en\/wp-json\/wp\/v2\/media?parent=409"}],"curies":[{"name":"wp","href":"https:\/\/api.w.org\/{rel}","templated":true}]}}