{"id":946,"date":"2026-05-08T15:25:57","date_gmt":"2026-05-08T13:25:57","guid":{"rendered":"https:\/\/cphcapital.hu\/impresszum\/"},"modified":"2026-05-15T10:30:03","modified_gmt":"2026-05-15T08:30:03","slug":"impresszum","status":"publish","type":"page","link":"https:\/\/cphcapital.hu\/en\/impresszum\/","title":{"rendered":"Imprint"},"content":{"rendered":"<link rel=\"stylesheet\" href=\"https:\/\/fonts.googleapis.com\/css2?family=Barlow:ital,wght@0,300;0,400;0,500;1,300&#038;family=Barlow+Condensed:wght@300;400;600;700;800&#038;display=swap\">\n<article style=\"max-width:960px;width:100%;margin:0 auto;padding:60px 24px 100px;font-family:'Barlow','Inter',sans-serif;color:#f0f0f0;box-sizing:border-box;\">\n<h1 style=\"font-family:'Barlow Condensed','Inter',sans-serif;font-size:clamp(55px,8.75vw,90px);font-weight:800;letter-spacing:-.01em;text-transform:uppercase;line-height:1;color:#f0f0f0;margin:0 0 20px;\">Imprint<\/h1>\n<p style=\"font-size:21px;font-weight:300;color:#9a9a9a;line-height:1.6;max-width:700px;margin:0 0 80px;\">A jelen oldal az elektronikus kereskedelmi szolg\u00e1ltat\u00e1sokra vonatkoz\u00f3 jogszab\u00e1lyi el\u0151\u00edr\u00e1soknak megfelel\u0151 t\u00e1j\u00e9koztat\u00e1st tartalmazza a szolg\u00e1ltat\u00f3r\u00f3l.<\/p>\n<section style=\"display:grid;grid-template-columns:80px 1fr;gap:0 32px;padding:56px 0;border-top:1px solid rgba(255,255,255,.07);align-items:start;\"><b style=\"font-family:'Barlow Condensed','Inter',sans-serif;font-size:40px;font-weight:300;color:rgba(240,240,240,.22);letter-spacing:.02em;padding-top:6px;line-height:1;font-style:normal;\">01<\/b><\/p>\n<header>\n<h2 style=\"font-family:'Barlow Condensed','Inter',sans-serif;font-size:clamp(33px,5vw,48px);font-weight:700;text-transform:uppercase;letter-spacing:.02em;color:#f0f0f0;margin:0 0 32px;line-height:1.1;\">V\u00e1llalkoz\u00e1s<\/h2>\n<dl style=\"display:grid;grid-template-columns:200px 1fr;gap:0 24px;margin:0;\">\n<dt style=\"font-family:'Barlow Condensed','Inter',sans-serif;font-size:16px;font-weight:600;letter-spacing:.16em;text-transform:uppercase;color:rgba(240,240,240,.38);padding:18px 0;border:0;margin:0;\">N\u00e9v<\/dt>\n<dd style=\"font-size:21px;color:#f0f0f0;line-height:1.55;padding:18px 0;border:0;margin:0;\">F\u00f6ldes Andr\u00e1s E.V.<\/dd>\n<\/dl>\n<\/header>\n<\/section>\n<section style=\"display:grid;grid-template-columns:80px 1fr;gap:0 32px;padding:56px 0;border-top:1px solid rgba(255,255,255,.07);align-items:start;\"><b style=\"font-family:'Barlow Condensed','Inter',sans-serif;font-size:40px;font-weight:300;color:rgba(240,240,240,.22);letter-spacing:.02em;padding-top:6px;line-height:1;font-style:normal;\">02<\/b><\/p>\n<header>\n<h2 style=\"font-family:'Barlow Condensed','Inter',sans-serif;font-size:clamp(33px,5vw,48px);font-weight:700;text-transform:uppercase;letter-spacing:.02em;color:#f0f0f0;margin:0 0 32px;line-height:1.1;\">C\u00e9ginform\u00e1ci\u00f3<\/h2>\n<dl style=\"display:grid;grid-template-columns:200px 1fr;gap:0 24px;margin:0;\">\n<dt style=\"font-family:'Barlow Condensed','Inter',sans-serif;font-size:16px;font-weight:600;letter-spacing:.16em;text-transform:uppercase;color:rgba(240,240,240,.38);padding:18px 0;border:0;margin:0;\">Nyilv\u00e1ntart\u00e1si sz\u00e1m<\/dt>\n<dd style=\"font-size:21px;color:#f0f0f0;line-height:1.55;padding:18px 0;border:0;margin:0;\">60207502<\/dd>\n<dt style=\"font-family:'Barlow Condensed','Inter',sans-serif;font-size:16px;font-weight:600;letter-spacing:.16em;text-transform:uppercase;color:rgba(240,240,240,.38);padding:18px 0;border:0;border-top:1px solid rgba(255,255,255,.06);margin:0;\">Ad\u00f3sz\u00e1m<\/dt>\n<dd style=\"font-size:21px;color:#f0f0f0;line-height:1.55;padding:18px 0;border:0;border-top:1px solid rgba(255,255,255,.06);margin:0;\">90861392-1-42<\/dd>\n<dt style=\"font-family:'Barlow Condensed','Inter',sans-serif;font-size:16px;font-weight:600;letter-spacing:.16em;text-transform:uppercase;color:rgba(240,240,240,.38);padding:18px 0;border:0;border-top:1px solid rgba(255,255,255,.06);margin:0;\">Sz\u00e9khely<\/dt>\n<dd style=\"font-size:21px;color:#f0f0f0;line-height:1.55;padding:18px 0;border:0;border-top:1px solid rgba(255,255,255,.06);margin:0;\">1146 Budapest, Ch\u00e1z\u00e1r Andr\u00e1s utca 2.<br \/>\u00e9p.: B&nbsp;&nbsp;em.: 8&nbsp;&nbsp;ajt\u00f3: 1.<\/dd>\n<\/dl>\n<\/header>\n<\/section>\n<section style=\"display:grid;grid-template-columns:80px 1fr;gap:0 32px;padding:56px 0;border-top:1px solid rgba(255,255,255,.07);border-bottom:1px solid rgba(255,255,255,.07);align-items:start;\"><b style=\"font-family:'Barlow Condensed','Inter',sans-serif;font-size:40px;font-weight:300;color:rgba(240,240,240,.22);letter-spacing:.02em;padding-top:6px;line-height:1;font-style:normal;\">03<\/b><\/p>\n<header>\n<h2 style=\"font-family:'Barlow Condensed','Inter',sans-serif;font-size:clamp(33px,5vw,48px);font-weight:700;text-transform:uppercase;letter-spacing:.02em;color:#f0f0f0;margin:0 0 32px;line-height:1.1;\">El\u00e9rhet\u0151s\u00e9g<\/h2>\n<dl style=\"display:grid;grid-template-columns:200px 1fr;gap:0 24px;margin:0;\">\n<dt style=\"font-family:'Barlow Condensed','Inter',sans-serif;font-size:16px;font-weight:600;letter-spacing:.16em;text-transform:uppercase;color:rgba(240,240,240,.38);padding:18px 0;border:0;margin:0;\">E-mail<\/dt>\n<dd style=\"font-size:21px;color:#f0f0f0;line-height:1.55;padding:18px 0;border:0;margin:0;\"><a href=\"mailto:info@cphcapital.hu\" style=\"color:#c0392b;text-decoration:none;\">info@cphcapital.hu<\/a><\/dd>\n<dt style=\"font-family:'Barlow Condensed','Inter',sans-serif;font-size:16px;font-weight:600;letter-spacing:.16em;text-transform:uppercase;color:rgba(240,240,240,.38);padding:18px 0;border:0;border-top:1px solid rgba(255,255,255,.06);margin:0;\">Telefon<\/dt>\n<dd style=\"font-size:21px;color:#f0f0f0;line-height:1.55;padding:18px 0;border:0;border-top:1px solid rgba(255,255,255,.06);margin:0;\"><a href=\"tel:+36207780658\" style=\"color:#c0392b;text-decoration:none;\">+36 20 778 0658<\/a><small style=\"display:block;font-size:18px;font-style:italic;font-weight:300;color:rgba(240,240,240,.38);margin-top:6px;\">El\u00e9rhet\u0151s\u00e9g korl\u00e1tozott \u2013 visszah\u00edv\u00e1s el\u0151zetes egyeztet\u00e9ssel<\/small><\/dd>\n<\/dl>\n<\/header>\n<\/section>\n<\/article>","protected":false},"excerpt":{"rendered":"<p>Impresszum A jelen oldal az elektronikus kereskedelmi szolg\u00e1ltat\u00e1sokra vonatkoz\u00f3 jogszab\u00e1lyi el\u0151\u00edr\u00e1soknak megfelel\u0151 t\u00e1j\u00e9koztat\u00e1st tartalmazza a szolg\u00e1ltat\u00f3r\u00f3l. 01 V\u00e1llalkoz\u00e1s N\u00e9v F\u00f6ldes Andr\u00e1s E.V. 02 C\u00e9ginform\u00e1ci\u00f3 Nyilv\u00e1ntart\u00e1si sz\u00e1m 60207502 Ad\u00f3sz\u00e1m 90861392-1-42 Sz\u00e9khely 1146 Budapest, Ch\u00e1z\u00e1r Andr\u00e1s utca 2.\u00e9p.: B&nbsp;&nbsp;em.: 8&nbsp;&nbsp;ajt\u00f3: 1. 03 El\u00e9rhet\u0151s\u00e9g E-mail info@cphcapital.hu Telefon +36 20 778 0658El\u00e9rhet\u0151s\u00e9g korl\u00e1tozott \u2013 visszah\u00edv\u00e1s el\u0151zetes egyeztet\u00e9ssel<\/p>","protected":false},"author":7,"featured_media":0,"parent":0,"menu_order":0,"comment_status":"closed","ping_status":"closed","template":"","meta":{"footnotes":""},"class_list":["post-946","page","type-page","status-publish","hentry"],"_links":{"self":[{"href":"https:\/\/cphcapital.hu\/en\/wp-json\/wp\/v2\/pages\/946","targetHints":{"allow":["GET"]}}],"collection":[{"href":"https:\/\/cphcapital.hu\/en\/wp-json\/wp\/v2\/pages"}],"about":[{"href":"https:\/\/cphcapital.hu\/en\/wp-json\/wp\/v2\/types\/page"}],"author":[{"embeddable":true,"href":"https:\/\/cphcapital.hu\/en\/wp-json\/wp\/v2\/users\/7"}],"replies":[{"embeddable":true,"href":"https:\/\/cphcapital.hu\/en\/wp-json\/wp\/v2\/comments?post=946"}],"version-history":[{"count":28,"href":"https:\/\/cphcapital.hu\/en\/wp-json\/wp\/v2\/pages\/946\/revisions"}],"predecessor-version":[{"id":2797,"href":"https:\/\/cphcapital.hu\/en\/wp-json\/wp\/v2\/pages\/946\/revisions\/2797"}],"wp:attachment":[{"href":"https:\/\/cphcapital.hu\/en\/wp-json\/wp\/v2\/media?parent=946"}],"curies":[{"name":"wp","href":"https:\/\/api.w.org\/{rel}","templated":true}]}}